{"id":990,"date":"2025-04-06T18:16:26","date_gmt":"2025-04-06T16:16:26","guid":{"rendered":"https:\/\/www.lekshoppen.se\/?post_type=product&#038;p=990"},"modified":"2025-04-06T18:16:26","modified_gmt":"2025-04-06T16:16:26","slug":"real-wild-jattespindel","status":"publish","type":"product","link":"https:\/\/www.lekshoppen.se\/index.php\/produkt\/real-wild-jattespindel\/","title":{"rendered":"Real wild J\u00e4ttespindel"},"content":{"rendered":"<p>Denna radiostyrda j\u00e4ttespindel \u00e4r inget f\u00f6r dig med skr\u00e4ck f\u00f6r spindlar. Den har lysande \u00f6gon och kryper snabbt \u00f6ver golvet och kan vrida sig 360 grader.<\/p>\n<p>Fly medan du kan! 5+ \u00e5r<\/p>\n","protected":false},"excerpt":{"rendered":"<p>RC spindel<\/p>\n","protected":false},"featured_media":991,"template":"","meta":[],"product_brand":[],"product_cat":[15,18,73],"product_tag":[],"class_list":{"0":"post-990","1":"product","2":"type-product","3":"status-publish","4":"has-post-thumbnail","6":"product_cat-leksaker","7":"product_cat-populart","8":"product_cat-radiostyrtrc","10":"first","11":"instock","12":"shipping-taxable","13":"product-type-simple"},"_links":{"self":[{"href":"https:\/\/www.lekshoppen.se\/index.php\/wp-json\/wp\/v2\/product\/990","targetHints":{"allow":["GET"]}}],"collection":[{"href":"https:\/\/www.lekshoppen.se\/index.php\/wp-json\/wp\/v2\/product"}],"about":[{"href":"https:\/\/www.lekshoppen.se\/index.php\/wp-json\/wp\/v2\/types\/product"}],"wp:featuredmedia":[{"embeddable":true,"href":"https:\/\/www.lekshoppen.se\/index.php\/wp-json\/wp\/v2\/media\/991"}],"wp:attachment":[{"href":"https:\/\/www.lekshoppen.se\/index.php\/wp-json\/wp\/v2\/media?parent=990"}],"wp:term":[{"taxonomy":"product_brand","embeddable":true,"href":"https:\/\/www.lekshoppen.se\/index.php\/wp-json\/wp\/v2\/product_brand?post=990"},{"taxonomy":"product_cat","embeddable":true,"href":"https:\/\/www.lekshoppen.se\/index.php\/wp-json\/wp\/v2\/product_cat?post=990"},{"taxonomy":"product_tag","embeddable":true,"href":"https:\/\/www.lekshoppen.se\/index.php\/wp-json\/wp\/v2\/product_tag?post=990"}],"curies":[{"name":"wp","href":"https:\/\/api.w.org\/{rel}","templated":true}]}}