{"id":955,"date":"2025-03-25T16:55:21","date_gmt":"2025-03-25T15:55:21","guid":{"rendered":"https:\/\/www.lekshoppen.se\/?post_type=product&#038;p=955"},"modified":"2025-03-25T16:55:21","modified_gmt":"2025-03-25T15:55:21","slug":"knights-of-the-realm-on-foot","status":"publish","type":"product","link":"https:\/\/www.lekshoppen.se\/index.php\/produkt\/knights-of-the-realm-on-foot\/","title":{"rendered":"Knights of the Realm on Foot"},"content":{"rendered":"<p>20 elitkrigare till din arm\u00e9 av Bretonnias kungad\u00f6men. Skyddade av tunga rustningar och bev\u00e4pnade med d\u00f6dliga vapen hugger dessa riddare ner alla i sin v\u00e4g.<\/p>\n<p>Inneh\u00e5ller kommandouppgraderingar som g\u00f6r att du kan bygga en stor enhet eller tv\u00e5 mindre enheter, var och en med sin egen m\u00e4stare, fanb\u00e4rare och musiker.<\/p>\n","protected":false},"excerpt":{"rendered":"<p>Kingdom of Bretonnias<\/p>\n","protected":false},"featured_media":956,"template":"","meta":[],"product_brand":[],"product_cat":[38,70],"product_tag":[],"class_list":{"0":"post-955","1":"product","2":"type-product","3":"status-publish","4":"has-post-thumbnail","6":"product_cat-warhammer","7":"product_cat-warhammertheoldworld","9":"first","10":"instock","11":"shipping-taxable","12":"product-type-simple"},"_links":{"self":[{"href":"https:\/\/www.lekshoppen.se\/index.php\/wp-json\/wp\/v2\/product\/955","targetHints":{"allow":["GET"]}}],"collection":[{"href":"https:\/\/www.lekshoppen.se\/index.php\/wp-json\/wp\/v2\/product"}],"about":[{"href":"https:\/\/www.lekshoppen.se\/index.php\/wp-json\/wp\/v2\/types\/product"}],"wp:featuredmedia":[{"embeddable":true,"href":"https:\/\/www.lekshoppen.se\/index.php\/wp-json\/wp\/v2\/media\/956"}],"wp:attachment":[{"href":"https:\/\/www.lekshoppen.se\/index.php\/wp-json\/wp\/v2\/media?parent=955"}],"wp:term":[{"taxonomy":"product_brand","embeddable":true,"href":"https:\/\/www.lekshoppen.se\/index.php\/wp-json\/wp\/v2\/product_brand?post=955"},{"taxonomy":"product_cat","embeddable":true,"href":"https:\/\/www.lekshoppen.se\/index.php\/wp-json\/wp\/v2\/product_cat?post=955"},{"taxonomy":"product_tag","embeddable":true,"href":"https:\/\/www.lekshoppen.se\/index.php\/wp-json\/wp\/v2\/product_tag?post=955"}],"curies":[{"name":"wp","href":"https:\/\/api.w.org\/{rel}","templated":true}]}}