{"id":918,"date":"2025-03-02T18:13:17","date_gmt":"2025-03-02T17:13:17","guid":{"rendered":"https:\/\/www.lekshoppen.se\/?post_type=product&#038;p=918"},"modified":"2025-03-02T18:13:17","modified_gmt":"2025-03-02T17:13:17","slug":"handdocksbok-hajen","status":"publish","type":"product","link":"https:\/\/www.lekshoppen.se\/index.php\/produkt\/handdocksbok-hajen\/","title":{"rendered":"Handdocksbok Hajen"},"content":{"rendered":"<p>Denna f\u00e4rgglada och roliga handdocksbok lockar till m\u00e5nga skratt och sp\u00e4nnande historier! Bara s\u00e4tt in handen i boken och se hajen komma till liv mitt framf\u00f6r era \u00f6gon!<\/p>\n<p>Denna sn\u00e4lla haj beh\u00f6ver du inte vara r\u00e4dd f\u00f6r, han bits inte utan vill bara l\u00e4sa boken tillsammans med er. Hajen kommer g\u00f6ra l\u00e4supplevelsen mer levande och framf\u00f6rallt mycket roligare. Perfekt bok att l\u00e4sa tillsammans f\u00f6r att introducera b\u00f6cker och deras magiska v\u00e4rld f\u00f6r en liten nyb\u00f6rjare!<\/p>\n<p>Finns \u00e4ven bj\u00f6rn, h\u00e4st, apa och ko som handdocka.<\/p>\n","protected":false},"excerpt":{"rendered":"<p>Handdocksbok<\/p>\n","protected":false},"featured_media":919,"template":"","meta":[],"product_brand":[],"product_cat":[67],"product_tag":[],"class_list":{"0":"post-918","1":"product","2":"type-product","3":"status-publish","4":"has-post-thumbnail","6":"product_cat-bocker","8":"first","9":"instock","10":"shipping-taxable","11":"product-type-simple"},"_links":{"self":[{"href":"https:\/\/www.lekshoppen.se\/index.php\/wp-json\/wp\/v2\/product\/918","targetHints":{"allow":["GET"]}}],"collection":[{"href":"https:\/\/www.lekshoppen.se\/index.php\/wp-json\/wp\/v2\/product"}],"about":[{"href":"https:\/\/www.lekshoppen.se\/index.php\/wp-json\/wp\/v2\/types\/product"}],"wp:featuredmedia":[{"embeddable":true,"href":"https:\/\/www.lekshoppen.se\/index.php\/wp-json\/wp\/v2\/media\/919"}],"wp:attachment":[{"href":"https:\/\/www.lekshoppen.se\/index.php\/wp-json\/wp\/v2\/media?parent=918"}],"wp:term":[{"taxonomy":"product_brand","embeddable":true,"href":"https:\/\/www.lekshoppen.se\/index.php\/wp-json\/wp\/v2\/product_brand?post=918"},{"taxonomy":"product_cat","embeddable":true,"href":"https:\/\/www.lekshoppen.se\/index.php\/wp-json\/wp\/v2\/product_cat?post=918"},{"taxonomy":"product_tag","embeddable":true,"href":"https:\/\/www.lekshoppen.se\/index.php\/wp-json\/wp\/v2\/product_tag?post=918"}],"curies":[{"name":"wp","href":"https:\/\/api.w.org\/{rel}","templated":true}]}}