{"id":913,"date":"2025-03-02T17:47:31","date_gmt":"2025-03-02T16:47:31","guid":{"rendered":"https:\/\/www.lekshoppen.se\/?post_type=product&#038;p=913"},"modified":"2025-03-02T17:47:31","modified_gmt":"2025-03-02T16:47:31","slug":"muu-ljudbok","status":"publish","type":"product","link":"https:\/\/www.lekshoppen.se\/index.php\/produkt\/muu-ljudbok\/","title":{"rendered":"MUU ljudbok"},"content":{"rendered":"<p>Liten saga med r\u00e5mande ko. Tryck p\u00e5 knappen f\u00f6r att h\u00f6ra ett \u00e4kta r\u00e5mande. Kan du r\u00e5ma som en ko?<\/p>\n<p>Bok med ljud.<\/p>\n","protected":false},"excerpt":{"rendered":"<p>Ljudbok<\/p>\n","protected":false},"featured_media":915,"template":"","meta":[],"product_brand":[],"product_cat":[67,68],"product_tag":[],"class_list":{"0":"post-913","1":"product","2":"type-product","3":"status-publish","4":"has-post-thumbnail","6":"product_cat-bocker","7":"product_cat-ljudbocker","9":"first","10":"instock","11":"shipping-taxable","12":"product-type-simple"},"_links":{"self":[{"href":"https:\/\/www.lekshoppen.se\/index.php\/wp-json\/wp\/v2\/product\/913","targetHints":{"allow":["GET"]}}],"collection":[{"href":"https:\/\/www.lekshoppen.se\/index.php\/wp-json\/wp\/v2\/product"}],"about":[{"href":"https:\/\/www.lekshoppen.se\/index.php\/wp-json\/wp\/v2\/types\/product"}],"wp:featuredmedia":[{"embeddable":true,"href":"https:\/\/www.lekshoppen.se\/index.php\/wp-json\/wp\/v2\/media\/915"}],"wp:attachment":[{"href":"https:\/\/www.lekshoppen.se\/index.php\/wp-json\/wp\/v2\/media?parent=913"}],"wp:term":[{"taxonomy":"product_brand","embeddable":true,"href":"https:\/\/www.lekshoppen.se\/index.php\/wp-json\/wp\/v2\/product_brand?post=913"},{"taxonomy":"product_cat","embeddable":true,"href":"https:\/\/www.lekshoppen.se\/index.php\/wp-json\/wp\/v2\/product_cat?post=913"},{"taxonomy":"product_tag","embeddable":true,"href":"https:\/\/www.lekshoppen.se\/index.php\/wp-json\/wp\/v2\/product_tag?post=913"}],"curies":[{"name":"wp","href":"https:\/\/api.w.org\/{rel}","templated":true}]}}