{"id":906,"date":"2025-03-02T17:18:01","date_gmt":"2025-03-02T16:18:01","guid":{"rendered":"https:\/\/www.lekshoppen.se\/?post_type=product&#038;p=906"},"modified":"2025-03-02T17:18:01","modified_gmt":"2025-03-02T16:18:01","slug":"hor-du-maskinerna","status":"publish","type":"product","link":"https:\/\/www.lekshoppen.se\/index.php\/produkt\/hor-du-maskinerna\/","title":{"rendered":"H\u00f6r du maskinerna?"},"content":{"rendered":"<p>P\u00e5 byggarbetsplatsen h\u00f6rs m\u00e5nga sp\u00e4nnande ljud. Titta p\u00e5 bilderna och tryck p\u00e5 knapparna f\u00f6r att h\u00f6ra hur maskinerna l\u00e5ter.<\/p>\n<p>I den h\u00e4r boken finns allt fr\u00e5n brummande v\u00e4ghyvlar till tutande gaffeltruckar. Sp\u00e4nnande fakta blandas med fina fotografier och verklighetstrogna ljud.<\/p>\n","protected":false},"excerpt":{"rendered":"<p>Ljudbok<\/p>\n","protected":false},"featured_media":907,"template":"","meta":[],"product_brand":[],"product_cat":[67,68],"product_tag":[],"class_list":{"0":"post-906","1":"product","2":"type-product","3":"status-publish","4":"has-post-thumbnail","6":"product_cat-bocker","7":"product_cat-ljudbocker","9":"first","10":"instock","11":"shipping-taxable","12":"product-type-simple"},"_links":{"self":[{"href":"https:\/\/www.lekshoppen.se\/index.php\/wp-json\/wp\/v2\/product\/906","targetHints":{"allow":["GET"]}}],"collection":[{"href":"https:\/\/www.lekshoppen.se\/index.php\/wp-json\/wp\/v2\/product"}],"about":[{"href":"https:\/\/www.lekshoppen.se\/index.php\/wp-json\/wp\/v2\/types\/product"}],"wp:featuredmedia":[{"embeddable":true,"href":"https:\/\/www.lekshoppen.se\/index.php\/wp-json\/wp\/v2\/media\/907"}],"wp:attachment":[{"href":"https:\/\/www.lekshoppen.se\/index.php\/wp-json\/wp\/v2\/media?parent=906"}],"wp:term":[{"taxonomy":"product_brand","embeddable":true,"href":"https:\/\/www.lekshoppen.se\/index.php\/wp-json\/wp\/v2\/product_brand?post=906"},{"taxonomy":"product_cat","embeddable":true,"href":"https:\/\/www.lekshoppen.se\/index.php\/wp-json\/wp\/v2\/product_cat?post=906"},{"taxonomy":"product_tag","embeddable":true,"href":"https:\/\/www.lekshoppen.se\/index.php\/wp-json\/wp\/v2\/product_tag?post=906"}],"curies":[{"name":"wp","href":"https:\/\/api.w.org\/{rel}","templated":true}]}}