{"id":900,"date":"2025-03-02T16:46:30","date_gmt":"2025-03-02T15:46:30","guid":{"rendered":"https:\/\/www.lekshoppen.se\/?post_type=product&#038;p=900"},"modified":"2025-03-02T17:12:49","modified_gmt":"2025-03-02T16:12:49","slug":"squishmallows-pysselbok-skapa-skrapa","status":"publish","type":"product","link":"https:\/\/www.lekshoppen.se\/index.php\/produkt\/squishmallows-pysselbok-skapa-skrapa\/","title":{"rendered":"Squishmallows Pysselbok skapa &#038; skrapa"},"content":{"rendered":"<p>F\u00f6lj med hela Squishmallowsg\u00e4nget p\u00e5 ett kreativt \u00e4ventyr!<br \/>\nH\u00e4r finns 8 sidor med motiv att skrapa fram och 8 superroliga pysselsidor, s\u00e5 det \u00e4r bara att plocka fram pennorna och squisha ig\u00e5ng.<\/p>\n","protected":false},"excerpt":{"rendered":"<p>Pysselbok<\/p>\n","protected":false},"featured_media":895,"template":"","meta":[],"product_brand":[],"product_cat":[67,69],"product_tag":[],"class_list":{"0":"post-900","1":"product","2":"type-product","3":"status-publish","4":"has-post-thumbnail","6":"product_cat-bocker","7":"product_cat-malarpysselbocker","9":"first","10":"instock","11":"shipping-taxable","12":"product-type-simple"},"_links":{"self":[{"href":"https:\/\/www.lekshoppen.se\/index.php\/wp-json\/wp\/v2\/product\/900","targetHints":{"allow":["GET"]}}],"collection":[{"href":"https:\/\/www.lekshoppen.se\/index.php\/wp-json\/wp\/v2\/product"}],"about":[{"href":"https:\/\/www.lekshoppen.se\/index.php\/wp-json\/wp\/v2\/types\/product"}],"wp:featuredmedia":[{"embeddable":true,"href":"https:\/\/www.lekshoppen.se\/index.php\/wp-json\/wp\/v2\/media\/895"}],"wp:attachment":[{"href":"https:\/\/www.lekshoppen.se\/index.php\/wp-json\/wp\/v2\/media?parent=900"}],"wp:term":[{"taxonomy":"product_brand","embeddable":true,"href":"https:\/\/www.lekshoppen.se\/index.php\/wp-json\/wp\/v2\/product_brand?post=900"},{"taxonomy":"product_cat","embeddable":true,"href":"https:\/\/www.lekshoppen.se\/index.php\/wp-json\/wp\/v2\/product_cat?post=900"},{"taxonomy":"product_tag","embeddable":true,"href":"https:\/\/www.lekshoppen.se\/index.php\/wp-json\/wp\/v2\/product_tag?post=900"}],"curies":[{"name":"wp","href":"https:\/\/api.w.org\/{rel}","templated":true}]}}