{"id":892,"date":"2025-03-02T16:17:07","date_gmt":"2025-03-02T15:17:07","guid":{"rendered":"https:\/\/www.lekshoppen.se\/?post_type=product&#038;p=892"},"modified":"2025-03-02T17:12:49","modified_gmt":"2025-03-02T16:12:49","slug":"squishmallows-pysselbok-med-klistermarken","status":"publish","type":"product","link":"https:\/\/www.lekshoppen.se\/index.php\/produkt\/squishmallows-pysselbok-med-klistermarken\/","title":{"rendered":"Squishmallows Pysselbok med klisterm\u00e4rken"},"content":{"rendered":"<p>H\u00e4ng med oss! Med fler \u00e4n 100 bl\u00e4nkande klisterm\u00e4rken, utpressbara pappfigurer och supers\u00f6ta aktiviteter har denna pysselbok allt du beh\u00f6ver f\u00f6r att ha en rolig stund med Squishmallows.<br \/>\nSkapa bokm\u00e4rken, selfieprylar, fotoramar och annat roligt tillsammans med ett g\u00e4ng gosiga v\u00e4nner!<\/p>\n","protected":false},"excerpt":{"rendered":"<p>Pysselbok<\/p>\n","protected":false},"featured_media":893,"template":"","meta":[],"product_brand":[],"product_cat":[67,69],"product_tag":[],"class_list":{"0":"post-892","1":"product","2":"type-product","3":"status-publish","4":"has-post-thumbnail","6":"product_cat-bocker","7":"product_cat-malarpysselbocker","9":"first","10":"instock","11":"shipping-taxable","12":"product-type-simple"},"_links":{"self":[{"href":"https:\/\/www.lekshoppen.se\/index.php\/wp-json\/wp\/v2\/product\/892","targetHints":{"allow":["GET"]}}],"collection":[{"href":"https:\/\/www.lekshoppen.se\/index.php\/wp-json\/wp\/v2\/product"}],"about":[{"href":"https:\/\/www.lekshoppen.se\/index.php\/wp-json\/wp\/v2\/types\/product"}],"wp:featuredmedia":[{"embeddable":true,"href":"https:\/\/www.lekshoppen.se\/index.php\/wp-json\/wp\/v2\/media\/893"}],"wp:attachment":[{"href":"https:\/\/www.lekshoppen.se\/index.php\/wp-json\/wp\/v2\/media?parent=892"}],"wp:term":[{"taxonomy":"product_brand","embeddable":true,"href":"https:\/\/www.lekshoppen.se\/index.php\/wp-json\/wp\/v2\/product_brand?post=892"},{"taxonomy":"product_cat","embeddable":true,"href":"https:\/\/www.lekshoppen.se\/index.php\/wp-json\/wp\/v2\/product_cat?post=892"},{"taxonomy":"product_tag","embeddable":true,"href":"https:\/\/www.lekshoppen.se\/index.php\/wp-json\/wp\/v2\/product_tag?post=892"}],"curies":[{"name":"wp","href":"https:\/\/api.w.org\/{rel}","templated":true}]}}