{"id":883,"date":"2025-02-13T18:09:23","date_gmt":"2025-02-13T17:09:23","guid":{"rendered":"https:\/\/www.lekshoppen.se\/?post_type=product&#038;p=883"},"modified":"2025-02-13T18:09:23","modified_gmt":"2025-02-13T17:09:23","slug":"vilda-blommor","status":"publish","type":"product","link":"https:\/\/www.lekshoppen.se\/index.php\/produkt\/vilda-blommor\/","title":{"rendered":"Vilda blommor"},"content":{"rendered":"<p>Det \u00e4r alltid roligt att ge och f\u00e5 blommor, och denna LEGO\u00ae Icons Bukett med vilda blommor (10313) s\u00e4tter en kreativ twist p\u00e5 en tidl\u00f6s g\u00e5va. Varf\u00f6r inte fira n\u00e4sta speciella tillf\u00e4lle med att skicka blommor som aldrig vissnar eller beh\u00f6ver vattnas till n\u00e5gon du tycker om?<\/p>\n<p>L\u00e5t kreativiteten blomstra<br \/>\nBuketten med vilda blommor \u00e4r tillverkad helt av intrikata LEGO delar och har 8 arter av vilda blommor p\u00e5 justerbara stj\u00e4lkar. Spirande florister och blomster\u00e4lskare kan \u00e4gna timmar \u00e5t att bygga och identifiera blommorna, som inspirerats av bl\u00e5klint, lavendel, engelsk vallmo, hundk\u00e4x, ormbunke, gerbera, riddarsporre och lupiner. N\u00e4r de \u00e4r f\u00e4rdigbyggda kan dessa LEGO blommor visas upp i en favoritvas och bli en i\u00f6gonfallande heminredningsdetalj som kommer att plantera fr\u00f6n av gl\u00e4dje i vilket rum de \u00e4n st\u00e5r.<\/p>\n<p>Dimensioner \u2013 Stj\u00e4lkarna har olika l\u00e4ngder. Som en guide \u00e4r \u201driddarsporren\u201d, med rak stj\u00e4lk, 47 cm h\u00f6g.<\/p>\n<div style=\"width: 1020px;\" class=\"wp-video\"><video class=\"wp-video-shortcode\" id=\"video-883-1\" width=\"1020\" height=\"574\" preload=\"metadata\" controls=\"controls\"><source type=\"video\/mp4\" src=\"https:\/\/www.lekshoppen.se\/wp-content\/uploads\/2025\/02\/10313Vildblommor.mp4?_=1\" \/><a href=\"https:\/\/www.lekshoppen.se\/wp-content\/uploads\/2025\/02\/10313Vildblommor.mp4\">https:\/\/www.lekshoppen.se\/wp-content\/uploads\/2025\/02\/10313Vildblommor.mp4<\/a><\/video><\/div>\n","protected":false},"excerpt":{"rendered":"<p>LEGO Vilda blommor<\/p>\n","protected":false},"featured_media":884,"template":"","meta":[],"product_brand":[],"product_cat":[58,57,66,15],"product_tag":[],"class_list":{"0":"post-883","1":"product","2":"type-product","3":"status-publish","4":"has-post-thumbnail","6":"product_cat-avanceratlego18","7":"product_cat-lego","8":"product_cat-lego-botanical","9":"product_cat-leksaker","11":"first","12":"instock","13":"shipping-taxable","14":"product-type-simple"},"_links":{"self":[{"href":"https:\/\/www.lekshoppen.se\/index.php\/wp-json\/wp\/v2\/product\/883","targetHints":{"allow":["GET"]}}],"collection":[{"href":"https:\/\/www.lekshoppen.se\/index.php\/wp-json\/wp\/v2\/product"}],"about":[{"href":"https:\/\/www.lekshoppen.se\/index.php\/wp-json\/wp\/v2\/types\/product"}],"wp:featuredmedia":[{"embeddable":true,"href":"https:\/\/www.lekshoppen.se\/index.php\/wp-json\/wp\/v2\/media\/884"}],"wp:attachment":[{"href":"https:\/\/www.lekshoppen.se\/index.php\/wp-json\/wp\/v2\/media?parent=883"}],"wp:term":[{"taxonomy":"product_brand","embeddable":true,"href":"https:\/\/www.lekshoppen.se\/index.php\/wp-json\/wp\/v2\/product_brand?post=883"},{"taxonomy":"product_cat","embeddable":true,"href":"https:\/\/www.lekshoppen.se\/index.php\/wp-json\/wp\/v2\/product_cat?post=883"},{"taxonomy":"product_tag","embeddable":true,"href":"https:\/\/www.lekshoppen.se\/index.php\/wp-json\/wp\/v2\/product_tag?post=883"}],"curies":[{"name":"wp","href":"https:\/\/api.w.org\/{rel}","templated":true}]}}