{"id":877,"date":"2025-02-13T17:46:24","date_gmt":"2025-02-13T16:46:24","guid":{"rendered":"https:\/\/www.lekshoppen.se\/?post_type=product&#038;p=877"},"modified":"2025-02-13T17:46:24","modified_gmt":"2025-02-13T16:46:24","slug":"orkide","status":"publish","type":"product","link":"https:\/\/www.lekshoppen.se\/index.php\/produkt\/orkide\/","title":{"rendered":"Orkid\u00e9"},"content":{"rendered":"<p>Njut av ett medvetet byggprojekt och skapa en vacker v\u00e4xtmodell f\u00f6r ditt hem med byggsetet LEGO\u00ae Orkid\u00e9 (10311) f\u00f6r vuxna. Ta dig tid att skapa alla detaljer hos vasen och de vita och rosa blommorna. Modellen har inspirerats av en riktig orkid\u00e9 och har 5 blad vid basen och 2\u00a0vandrande luftr\u00f6tter f\u00f6r att skapa en autentisk uppvisningsmodell. Bygg den r\u00e4fflade vasen och fyll den med de bruna LEGO delarna f\u00f6r att \u00e5terskapa barkblandningen som en riktig orkid\u00e9 skulle st\u00e5 i.<\/p>\n<p>Skapa en personlig modell<br \/>\nArrangera din orkid\u00e9 p\u00e5 flera olika s\u00e4tt genom att rotera modellens stj\u00e4lkar, blommor, r\u00f6tter och blad f\u00f6r att skapa ett perfekt utseende. Eller anpassa modellen genom att bygga om stj\u00e4lkarna och skapa nya blomsterarrangemang.<\/p>\n<p>Dimensioner \u2013 Byggmodellen \u00e4r 39 cm h\u00f6g, 30 cm bred och 24 cm djup.<\/p>\n<div style=\"width: 960px;\" class=\"wp-video\"><video class=\"wp-video-shortcode\" id=\"video-877-1\" width=\"960\" height=\"720\" preload=\"metadata\" controls=\"controls\"><source type=\"video\/mp4\" src=\"https:\/\/www.lekshoppen.se\/wp-content\/uploads\/2025\/02\/10311Orkidev.mp4?_=1\" \/><a href=\"https:\/\/www.lekshoppen.se\/wp-content\/uploads\/2025\/02\/10311Orkidev.mp4\">https:\/\/www.lekshoppen.se\/wp-content\/uploads\/2025\/02\/10311Orkidev.mp4<\/a><\/video><\/div>\n","protected":false},"excerpt":{"rendered":"<p>LEGO Orkid\u00e9<\/p>\n","protected":false},"featured_media":878,"template":"","meta":[],"product_brand":[],"product_cat":[58,57,66,15],"product_tag":[],"class_list":{"0":"post-877","1":"product","2":"type-product","3":"status-publish","4":"has-post-thumbnail","6":"product_cat-avanceratlego18","7":"product_cat-lego","8":"product_cat-lego-botanical","9":"product_cat-leksaker","11":"first","12":"instock","13":"shipping-taxable","14":"product-type-simple"},"_links":{"self":[{"href":"https:\/\/www.lekshoppen.se\/index.php\/wp-json\/wp\/v2\/product\/877","targetHints":{"allow":["GET"]}}],"collection":[{"href":"https:\/\/www.lekshoppen.se\/index.php\/wp-json\/wp\/v2\/product"}],"about":[{"href":"https:\/\/www.lekshoppen.se\/index.php\/wp-json\/wp\/v2\/types\/product"}],"wp:featuredmedia":[{"embeddable":true,"href":"https:\/\/www.lekshoppen.se\/index.php\/wp-json\/wp\/v2\/media\/878"}],"wp:attachment":[{"href":"https:\/\/www.lekshoppen.se\/index.php\/wp-json\/wp\/v2\/media?parent=877"}],"wp:term":[{"taxonomy":"product_brand","embeddable":true,"href":"https:\/\/www.lekshoppen.se\/index.php\/wp-json\/wp\/v2\/product_brand?post=877"},{"taxonomy":"product_cat","embeddable":true,"href":"https:\/\/www.lekshoppen.se\/index.php\/wp-json\/wp\/v2\/product_cat?post=877"},{"taxonomy":"product_tag","embeddable":true,"href":"https:\/\/www.lekshoppen.se\/index.php\/wp-json\/wp\/v2\/product_tag?post=877"}],"curies":[{"name":"wp","href":"https:\/\/api.w.org\/{rel}","templated":true}]}}