{"id":854,"date":"2025-02-07T17:41:05","date_gmt":"2025-02-07T16:41:05","guid":{"rendered":"https:\/\/www.lekshoppen.se\/?post_type=product&#038;p=854"},"modified":"2025-11-12T16:04:43","modified_gmt":"2025-11-12T15:04:43","slug":"lego-insektssamling","status":"publish","type":"product","link":"https:\/\/www.lekshoppen.se\/index.php\/produkt\/lego-insektssamling\/","title":{"rendered":"LEGO Insektssamling"},"content":{"rendered":"<p>Setet \u00e4r en perfekt presentid\u00e9 till insekts\u00e4lskaren och inneh\u00e5ller detaljerade byggbara modeller i naturlig storlek av en bl\u00e5 morpho-fj\u00e4ril, en herkulesbagge och en kinesisk b\u00f6nsyrsa i deras naturliga milj\u00f6er.<\/p>\n<p>R\u00f6rliga uppvisningsmodeller<br \/>\nBl\u00e5 morpho-fj\u00e4rilen har justerbara vingar med LEGO delar i olika bl\u00e5 nyanser och visas upp med en byggbar blomma och ett honungsbi. Herkulesbaggen har avtagbara vingar och hanens karakteristiska horn, medan modellen av den fullt r\u00f6rliga kinesiska b\u00f6nsyrsehonan \u00e4ven har en nyckelpiga med 7\u00a0prickar. Varje modell har separata instruktioner, s\u00e5 du kan bygga p\u00e5 egen hand eller tillsammans med andra.<\/p>\n<div style=\"width: 1020px;\" class=\"wp-video\"><video class=\"wp-video-shortcode\" id=\"video-854-1\" width=\"1020\" height=\"574\" preload=\"metadata\" controls=\"controls\"><source type=\"video\/mp4\" src=\"https:\/\/www.lekshoppen.se\/wp-content\/uploads\/2025\/02\/21342Insekter.mp4?_=1\" \/><a href=\"https:\/\/www.lekshoppen.se\/wp-content\/uploads\/2025\/02\/21342Insekter.mp4\">https:\/\/www.lekshoppen.se\/wp-content\/uploads\/2025\/02\/21342Insekter.mp4<\/a><\/video><\/div>\n","protected":false},"excerpt":{"rendered":"<p>LEGO Insektssamling<\/p>\n","protected":false},"featured_media":856,"template":"","meta":[],"product_brand":[],"product_cat":[58,57,15],"product_tag":[],"class_list":{"0":"post-854","1":"product","2":"type-product","3":"status-publish","4":"has-post-thumbnail","6":"product_cat-avanceratlego18","7":"product_cat-lego","8":"product_cat-leksaker","10":"first","11":"instock","12":"shipping-taxable","13":"product-type-simple"},"_links":{"self":[{"href":"https:\/\/www.lekshoppen.se\/index.php\/wp-json\/wp\/v2\/product\/854","targetHints":{"allow":["GET"]}}],"collection":[{"href":"https:\/\/www.lekshoppen.se\/index.php\/wp-json\/wp\/v2\/product"}],"about":[{"href":"https:\/\/www.lekshoppen.se\/index.php\/wp-json\/wp\/v2\/types\/product"}],"wp:featuredmedia":[{"embeddable":true,"href":"https:\/\/www.lekshoppen.se\/index.php\/wp-json\/wp\/v2\/media\/856"}],"wp:attachment":[{"href":"https:\/\/www.lekshoppen.se\/index.php\/wp-json\/wp\/v2\/media?parent=854"}],"wp:term":[{"taxonomy":"product_brand","embeddable":true,"href":"https:\/\/www.lekshoppen.se\/index.php\/wp-json\/wp\/v2\/product_brand?post=854"},{"taxonomy":"product_cat","embeddable":true,"href":"https:\/\/www.lekshoppen.se\/index.php\/wp-json\/wp\/v2\/product_cat?post=854"},{"taxonomy":"product_tag","embeddable":true,"href":"https:\/\/www.lekshoppen.se\/index.php\/wp-json\/wp\/v2\/product_tag?post=854"}],"curies":[{"name":"wp","href":"https:\/\/api.w.org\/{rel}","templated":true}]}}