{"id":847,"date":"2025-02-07T17:15:35","date_gmt":"2025-02-07T16:15:35","guid":{"rendered":"https:\/\/www.lekshoppen.se\/?post_type=product&#038;p=847"},"modified":"2025-11-12T16:00:33","modified_gmt":"2025-11-12T15:00:33","slug":"lego-svartvit-katt-tuxedo-cat","status":"publish","type":"product","link":"https:\/\/www.lekshoppen.se\/index.php\/produkt\/lego-svartvit-katt-tuxedo-cat\/","title":{"rendered":"LEGO svartvit katt \/ Tuxedo cat"},"content":{"rendered":"<ul>\n<li>Kattpresent f\u00f6r vuxna \u2013 Bygg den p\u00e5 egen hand eller uppmana andra djur\u00e4lskare att skapa sin egen heminredning med kattema med den klossbyggda modellen LEGO\u00ae Ideas Svartvit katt.<\/li>\n<li>Verklighetstrogen uppvisningsmodell av en svartvit katt \u2013 L\u00e5t dig uppslukas av ett kreativt byggprojekt.<\/li>\n<li>Vrid kattens huvud och placera \u00f6ronen, tassarna och svansen i olika st\u00e4llningar. V\u00e4lj gula eller bl\u00e5 \u00f6gon och bygg katten med antingen \u00f6ppen eller st\u00e4ngd mun.<\/li>\n<li>Denna kattmodell med 1 710 delar \u00e4r 32 cm h\u00f6g.<\/li>\n<li>Rek. \u00e5lder 18+<\/li>\n<\/ul>\n<div style=\"width: 960px;\" class=\"wp-video\"><video class=\"wp-video-shortcode\" id=\"video-847-1\" width=\"960\" height=\"720\" preload=\"metadata\" controls=\"controls\"><source type=\"video\/mp4\" src=\"https:\/\/www.lekshoppen.se\/wp-content\/uploads\/2025\/02\/Tuxdeokattvideo.mp4?_=1\" \/><a href=\"https:\/\/www.lekshoppen.se\/wp-content\/uploads\/2025\/02\/Tuxdeokattvideo.mp4\">https:\/\/www.lekshoppen.se\/wp-content\/uploads\/2025\/02\/Tuxdeokattvideo.mp4<\/a><\/video><\/div>\n<p>&nbsp;<\/p>\n","protected":false},"excerpt":{"rendered":"<p>LEGO Tuxedo Cat<\/p>\n","protected":false},"featured_media":849,"template":"","meta":[],"product_brand":[],"product_cat":[58,57,15,18],"product_tag":[],"class_list":{"0":"post-847","1":"product","2":"type-product","3":"status-publish","4":"has-post-thumbnail","6":"product_cat-avanceratlego18","7":"product_cat-lego","8":"product_cat-leksaker","9":"product_cat-populart","11":"first","12":"instock","13":"shipping-taxable","14":"product-type-simple"},"_links":{"self":[{"href":"https:\/\/www.lekshoppen.se\/index.php\/wp-json\/wp\/v2\/product\/847","targetHints":{"allow":["GET"]}}],"collection":[{"href":"https:\/\/www.lekshoppen.se\/index.php\/wp-json\/wp\/v2\/product"}],"about":[{"href":"https:\/\/www.lekshoppen.se\/index.php\/wp-json\/wp\/v2\/types\/product"}],"wp:featuredmedia":[{"embeddable":true,"href":"https:\/\/www.lekshoppen.se\/index.php\/wp-json\/wp\/v2\/media\/849"}],"wp:attachment":[{"href":"https:\/\/www.lekshoppen.se\/index.php\/wp-json\/wp\/v2\/media?parent=847"}],"wp:term":[{"taxonomy":"product_brand","embeddable":true,"href":"https:\/\/www.lekshoppen.se\/index.php\/wp-json\/wp\/v2\/product_brand?post=847"},{"taxonomy":"product_cat","embeddable":true,"href":"https:\/\/www.lekshoppen.se\/index.php\/wp-json\/wp\/v2\/product_cat?post=847"},{"taxonomy":"product_tag","embeddable":true,"href":"https:\/\/www.lekshoppen.se\/index.php\/wp-json\/wp\/v2\/product_tag?post=847"}],"curies":[{"name":"wp","href":"https:\/\/api.w.org\/{rel}","templated":true}]}}