{"id":843,"date":"2025-01-23T17:54:30","date_gmt":"2025-01-23T16:54:30","guid":{"rendered":"https:\/\/www.lekshoppen.se\/?post_type=product&#038;p=843"},"modified":"2025-01-23T17:54:31","modified_gmt":"2025-01-23T16:54:31","slug":"d-i-y-kit","status":"publish","type":"product","link":"https:\/\/www.lekshoppen.se\/index.php\/produkt\/d-i-y-kit\/","title":{"rendered":"D.I.Y kit"},"content":{"rendered":"<p>Vill man testa p\u00e5 att g\u00f6ra tex. fina smycken \u00e4r ett D.I.Y kit bra att starta med.<\/p>\n<p>H\u00e4r \u00e4r de mindre seten.<\/p>\n","protected":false},"excerpt":{"rendered":"<p>D.I.Y. kit smycken<\/p>\n","protected":false},"featured_media":845,"template":"","meta":[],"product_brand":[],"product_cat":[42,22],"product_tag":[],"class_list":{"0":"post-843","1":"product","2":"type-product","3":"status-publish","4":"has-post-thumbnail","6":"product_cat-d-i-ykit","7":"product_cat-hobby","9":"first","10":"instock","11":"shipping-taxable","12":"product-type-simple"},"_links":{"self":[{"href":"https:\/\/www.lekshoppen.se\/index.php\/wp-json\/wp\/v2\/product\/843","targetHints":{"allow":["GET"]}}],"collection":[{"href":"https:\/\/www.lekshoppen.se\/index.php\/wp-json\/wp\/v2\/product"}],"about":[{"href":"https:\/\/www.lekshoppen.se\/index.php\/wp-json\/wp\/v2\/types\/product"}],"wp:featuredmedia":[{"embeddable":true,"href":"https:\/\/www.lekshoppen.se\/index.php\/wp-json\/wp\/v2\/media\/845"}],"wp:attachment":[{"href":"https:\/\/www.lekshoppen.se\/index.php\/wp-json\/wp\/v2\/media?parent=843"}],"wp:term":[{"taxonomy":"product_brand","embeddable":true,"href":"https:\/\/www.lekshoppen.se\/index.php\/wp-json\/wp\/v2\/product_brand?post=843"},{"taxonomy":"product_cat","embeddable":true,"href":"https:\/\/www.lekshoppen.se\/index.php\/wp-json\/wp\/v2\/product_cat?post=843"},{"taxonomy":"product_tag","embeddable":true,"href":"https:\/\/www.lekshoppen.se\/index.php\/wp-json\/wp\/v2\/product_tag?post=843"}],"curies":[{"name":"wp","href":"https:\/\/api.w.org\/{rel}","templated":true}]}}