{"id":830,"date":"2025-01-02T16:05:34","date_gmt":"2025-01-02T15:05:34","guid":{"rendered":"https:\/\/www.lekshoppen.se\/?post_type=product&#038;p=830"},"modified":"2025-11-12T15:48:57","modified_gmt":"2025-11-12T14:48:57","slug":"parlor-i-ask","status":"publish","type":"product","link":"https:\/\/www.lekshoppen.se\/index.php\/produkt\/parlor-i-ask\/","title":{"rendered":"P\u00e4rlor i ask"},"content":{"rendered":"<p>Olika sorters p\u00e4rlor i en bra f\u00f6rvarings ask.<\/p>\n<p>Rek.\u00e5lder 5+<\/p>\n","protected":false},"excerpt":{"rendered":"<p>Blandade p\u00e4rlor.<\/p>\n","protected":false},"featured_media":831,"template":"","meta":[],"product_brand":[],"product_cat":[22,65],"product_tag":[],"class_list":{"0":"post-830","1":"product","2":"type-product","3":"status-publish","4":"has-post-thumbnail","6":"product_cat-hobby","7":"product_cat-parlor","9":"first","10":"instock","11":"shipping-taxable","12":"product-type-simple"},"_links":{"self":[{"href":"https:\/\/www.lekshoppen.se\/index.php\/wp-json\/wp\/v2\/product\/830","targetHints":{"allow":["GET"]}}],"collection":[{"href":"https:\/\/www.lekshoppen.se\/index.php\/wp-json\/wp\/v2\/product"}],"about":[{"href":"https:\/\/www.lekshoppen.se\/index.php\/wp-json\/wp\/v2\/types\/product"}],"wp:featuredmedia":[{"embeddable":true,"href":"https:\/\/www.lekshoppen.se\/index.php\/wp-json\/wp\/v2\/media\/831"}],"wp:attachment":[{"href":"https:\/\/www.lekshoppen.se\/index.php\/wp-json\/wp\/v2\/media?parent=830"}],"wp:term":[{"taxonomy":"product_brand","embeddable":true,"href":"https:\/\/www.lekshoppen.se\/index.php\/wp-json\/wp\/v2\/product_brand?post=830"},{"taxonomy":"product_cat","embeddable":true,"href":"https:\/\/www.lekshoppen.se\/index.php\/wp-json\/wp\/v2\/product_cat?post=830"},{"taxonomy":"product_tag","embeddable":true,"href":"https:\/\/www.lekshoppen.se\/index.php\/wp-json\/wp\/v2\/product_tag?post=830"}],"curies":[{"name":"wp","href":"https:\/\/api.w.org\/{rel}","templated":true}]}}