{"id":782,"date":"2024-11-21T20:45:36","date_gmt":"2024-11-21T19:45:36","guid":{"rendered":"https:\/\/www.lekshoppen.se\/?post_type=product&#038;p=782"},"modified":"2024-11-21T20:45:36","modified_gmt":"2024-11-21T19:45:36","slug":"othello-rese-spel","status":"publish","type":"product","link":"https:\/\/www.lekshoppen.se\/index.php\/produkt\/othello-rese-spel\/","title":{"rendered":"Othello rese-spel"},"content":{"rendered":"<p>Othello i rese storlek. St\u00e4ng in din motspelares brickor och g\u00f6r dem till dina. En svartvit storfavorit bland dagens strategispelare. Enkelt att l\u00e4ra. En livstid att bem\u00e4stra.<\/p>\n<p>Antal spelare 2. Rek.\u00e5lder 8+<\/p>\n","protected":false},"excerpt":{"rendered":"<p>Othello rese-spel<\/p>\n","protected":false},"featured_media":783,"template":"","meta":[],"product_brand":[],"product_cat":[30,29],"product_tag":[],"class_list":{"0":"post-782","1":"product","2":"type-product","3":"status-publish","4":"has-post-thumbnail","6":"product_cat-bradspel","7":"product_cat-spel","9":"first","10":"instock","11":"shipping-taxable","12":"product-type-simple"},"_links":{"self":[{"href":"https:\/\/www.lekshoppen.se\/index.php\/wp-json\/wp\/v2\/product\/782","targetHints":{"allow":["GET"]}}],"collection":[{"href":"https:\/\/www.lekshoppen.se\/index.php\/wp-json\/wp\/v2\/product"}],"about":[{"href":"https:\/\/www.lekshoppen.se\/index.php\/wp-json\/wp\/v2\/types\/product"}],"wp:featuredmedia":[{"embeddable":true,"href":"https:\/\/www.lekshoppen.se\/index.php\/wp-json\/wp\/v2\/media\/783"}],"wp:attachment":[{"href":"https:\/\/www.lekshoppen.se\/index.php\/wp-json\/wp\/v2\/media?parent=782"}],"wp:term":[{"taxonomy":"product_brand","embeddable":true,"href":"https:\/\/www.lekshoppen.se\/index.php\/wp-json\/wp\/v2\/product_brand?post=782"},{"taxonomy":"product_cat","embeddable":true,"href":"https:\/\/www.lekshoppen.se\/index.php\/wp-json\/wp\/v2\/product_cat?post=782"},{"taxonomy":"product_tag","embeddable":true,"href":"https:\/\/www.lekshoppen.se\/index.php\/wp-json\/wp\/v2\/product_tag?post=782"}],"curies":[{"name":"wp","href":"https:\/\/api.w.org\/{rel}","templated":true}]}}