{"id":768,"date":"2024-11-21T19:47:28","date_gmt":"2024-11-21T18:47:28","guid":{"rendered":"https:\/\/www.lekshoppen.se\/?post_type=product&#038;p=768"},"modified":"2024-11-26T10:08:32","modified_gmt":"2024-11-26T09:08:32","slug":"alfapet-kortspel","status":"publish","type":"product","link":"https:\/\/www.lekshoppen.se\/index.php\/produkt\/alfapet-kortspel\/","title":{"rendered":"Alfapet kortspel"},"content":{"rendered":"<p>Det klassiska och popul\u00e4ra Aflaper nu som kortspel. L\u00e4tt att ta med. Bilda ord i snabb takt eller var taktisk och v\u00e4nta ut dina medspelares drag. Vem f\u00e5r sista ordet och har flest po\u00e4ng n\u00e4r sista kortet \u00e4r lagt?<\/p>\n<p>2-6 spelare. Rek.\u00e5lder 10+<\/p>\n","protected":false},"excerpt":{"rendered":"<p>Alfapet kortspel<\/p>\n","protected":false},"featured_media":769,"template":"","meta":[],"product_brand":[],"product_cat":[63,31,29],"product_tag":[],"class_list":{"0":"post-768","1":"product","2":"type-product","3":"status-publish","4":"has-post-thumbnail","6":"product_cat-barn-familjespel","7":"product_cat-kortspel","8":"product_cat-spel","10":"first","11":"instock","12":"shipping-taxable","13":"product-type-simple"},"_links":{"self":[{"href":"https:\/\/www.lekshoppen.se\/index.php\/wp-json\/wp\/v2\/product\/768","targetHints":{"allow":["GET"]}}],"collection":[{"href":"https:\/\/www.lekshoppen.se\/index.php\/wp-json\/wp\/v2\/product"}],"about":[{"href":"https:\/\/www.lekshoppen.se\/index.php\/wp-json\/wp\/v2\/types\/product"}],"wp:featuredmedia":[{"embeddable":true,"href":"https:\/\/www.lekshoppen.se\/index.php\/wp-json\/wp\/v2\/media\/769"}],"wp:attachment":[{"href":"https:\/\/www.lekshoppen.se\/index.php\/wp-json\/wp\/v2\/media?parent=768"}],"wp:term":[{"taxonomy":"product_brand","embeddable":true,"href":"https:\/\/www.lekshoppen.se\/index.php\/wp-json\/wp\/v2\/product_brand?post=768"},{"taxonomy":"product_cat","embeddable":true,"href":"https:\/\/www.lekshoppen.se\/index.php\/wp-json\/wp\/v2\/product_cat?post=768"},{"taxonomy":"product_tag","embeddable":true,"href":"https:\/\/www.lekshoppen.se\/index.php\/wp-json\/wp\/v2\/product_tag?post=768"}],"curies":[{"name":"wp","href":"https:\/\/api.w.org\/{rel}","templated":true}]}}