{"id":765,"date":"2024-11-21T19:25:35","date_gmt":"2024-11-21T18:25:35","guid":{"rendered":"https:\/\/www.lekshoppen.se\/?post_type=product&#038;p=765"},"modified":"2025-11-12T16:02:40","modified_gmt":"2025-11-12T15:02:40","slug":"tjuv-polis-kortspel","status":"publish","type":"product","link":"https:\/\/www.lekshoppen.se\/index.php\/produkt\/tjuv-polis-kortspel\/","title":{"rendered":"Tjuv &#038; Polis kortspel"},"content":{"rendered":"<p>\u00c4lskad klassiker nu som kortspel! Tjuvarna tjuvar och blir jagade av polisen. Precis som i det stora spelet g\u00e5r det ut p\u00e5 att samla ihop s\u00e5 mycket pengar som m\u00f6jligt!<\/p>\n<p>&nbsp;<\/p>\n","protected":false},"excerpt":{"rendered":"<p>Tjuv &amp; Polis kortspel<\/p>\n","protected":false},"featured_media":766,"template":"","meta":[],"product_brand":[],"product_cat":[63,31,29],"product_tag":[],"class_list":{"0":"post-765","1":"product","2":"type-product","3":"status-publish","4":"has-post-thumbnail","6":"product_cat-barn-familjespel","7":"product_cat-kortspel","8":"product_cat-spel","10":"first","11":"instock","12":"shipping-taxable","13":"product-type-simple"},"_links":{"self":[{"href":"https:\/\/www.lekshoppen.se\/index.php\/wp-json\/wp\/v2\/product\/765","targetHints":{"allow":["GET"]}}],"collection":[{"href":"https:\/\/www.lekshoppen.se\/index.php\/wp-json\/wp\/v2\/product"}],"about":[{"href":"https:\/\/www.lekshoppen.se\/index.php\/wp-json\/wp\/v2\/types\/product"}],"wp:featuredmedia":[{"embeddable":true,"href":"https:\/\/www.lekshoppen.se\/index.php\/wp-json\/wp\/v2\/media\/766"}],"wp:attachment":[{"href":"https:\/\/www.lekshoppen.se\/index.php\/wp-json\/wp\/v2\/media?parent=765"}],"wp:term":[{"taxonomy":"product_brand","embeddable":true,"href":"https:\/\/www.lekshoppen.se\/index.php\/wp-json\/wp\/v2\/product_brand?post=765"},{"taxonomy":"product_cat","embeddable":true,"href":"https:\/\/www.lekshoppen.se\/index.php\/wp-json\/wp\/v2\/product_cat?post=765"},{"taxonomy":"product_tag","embeddable":true,"href":"https:\/\/www.lekshoppen.se\/index.php\/wp-json\/wp\/v2\/product_tag?post=765"}],"curies":[{"name":"wp","href":"https:\/\/api.w.org\/{rel}","templated":true}]}}