{"id":761,"date":"2024-11-21T18:36:13","date_gmt":"2024-11-21T17:36:13","guid":{"rendered":"https:\/\/www.lekshoppen.se\/?post_type=product&#038;p=761"},"modified":"2025-11-12T16:03:01","modified_gmt":"2025-11-12T15:03:01","slug":"skurkarnas-skurk","status":"publish","type":"product","link":"https:\/\/www.lekshoppen.se\/index.php\/produkt\/skurkarnas-skurk\/","title":{"rendered":"Skurkarnas skurk"},"content":{"rendered":"<p>Men v\u00e4nta, vad \u00e4r detta? \u00c4r det ett Skurkarnas Skurk br\u00e4dspel dina \u00f6gon besk\u00e5dar? Jajam\u00e4n! Nu kommer du kunna ta dina skurk f\u00e4rdigheter till oanade h\u00f6jder i detta fartfyllda, skurkaktiga, men kanske framf\u00f6r allt 3 dimensionella br\u00e4dspel. L\u00e4r dig bem\u00e4stra ficktjuveriets och infiltrationens \u00e4dla konst, f\u00f6rvirra dig i Skurkskolans katakomber och fall till din d\u00f6d under en av lektionerna i parkour f\u00f6r ondska i universums utan tvekan mest kriminella och skurkaktiga spel. Platsar du i skurk-skolan? \u00c4r det du som blir den ultimata skurken?<\/p>\n<p>2-5 spelare. Rek.\u00e5lder 8+<\/p>\n","protected":false},"excerpt":{"rendered":"<p>Skurkarnas skurk br\u00e4dspel<\/p>\n","protected":false},"featured_media":762,"template":"","meta":[],"product_brand":[],"product_cat":[63,30,29],"product_tag":[],"class_list":{"0":"post-761","1":"product","2":"type-product","3":"status-publish","4":"has-post-thumbnail","6":"product_cat-barn-familjespel","7":"product_cat-bradspel","8":"product_cat-spel","10":"first","11":"instock","12":"shipping-taxable","13":"product-type-simple"},"_links":{"self":[{"href":"https:\/\/www.lekshoppen.se\/index.php\/wp-json\/wp\/v2\/product\/761","targetHints":{"allow":["GET"]}}],"collection":[{"href":"https:\/\/www.lekshoppen.se\/index.php\/wp-json\/wp\/v2\/product"}],"about":[{"href":"https:\/\/www.lekshoppen.se\/index.php\/wp-json\/wp\/v2\/types\/product"}],"wp:featuredmedia":[{"embeddable":true,"href":"https:\/\/www.lekshoppen.se\/index.php\/wp-json\/wp\/v2\/media\/762"}],"wp:attachment":[{"href":"https:\/\/www.lekshoppen.se\/index.php\/wp-json\/wp\/v2\/media?parent=761"}],"wp:term":[{"taxonomy":"product_brand","embeddable":true,"href":"https:\/\/www.lekshoppen.se\/index.php\/wp-json\/wp\/v2\/product_brand?post=761"},{"taxonomy":"product_cat","embeddable":true,"href":"https:\/\/www.lekshoppen.se\/index.php\/wp-json\/wp\/v2\/product_cat?post=761"},{"taxonomy":"product_tag","embeddable":true,"href":"https:\/\/www.lekshoppen.se\/index.php\/wp-json\/wp\/v2\/product_tag?post=761"}],"curies":[{"name":"wp","href":"https:\/\/api.w.org\/{rel}","templated":true}]}}