{"id":745,"date":"2024-11-14T14:25:45","date_gmt":"2024-11-14T13:25:45","guid":{"rendered":"https:\/\/www.lekshoppen.se\/?post_type=product&#038;p=745"},"modified":"2024-11-14T14:25:45","modified_gmt":"2024-11-14T13:25:45","slug":"stearinmix","status":"publish","type":"product","link":"https:\/\/www.lekshoppen.se\/index.php\/produkt\/stearinmix\/","title":{"rendered":"Stearinmix"},"content":{"rendered":"<p>Ren vegetabilisk stearin, som blandas med ren paraffin (max 15 %) och anv\u00e4ndas till gjutna ljus. Sm\u00e4lttemp. 70 grader. B\u00f6r inte f\u00e4rgas och kan inte anv\u00e4ndas till st\u00f6pljus.<\/p>\n","protected":false},"excerpt":{"rendered":"<p>Stearinmix<\/p>\n","protected":false},"featured_media":746,"template":"","meta":[],"product_brand":[],"product_cat":[22,61],"product_tag":[],"class_list":{"0":"post-745","1":"product","2":"type-product","3":"status-publish","4":"has-post-thumbnail","6":"product_cat-hobby","7":"product_cat-ljusstopninggjutning","9":"first","10":"instock","11":"shipping-taxable","12":"product-type-simple"},"_links":{"self":[{"href":"https:\/\/www.lekshoppen.se\/index.php\/wp-json\/wp\/v2\/product\/745","targetHints":{"allow":["GET"]}}],"collection":[{"href":"https:\/\/www.lekshoppen.se\/index.php\/wp-json\/wp\/v2\/product"}],"about":[{"href":"https:\/\/www.lekshoppen.se\/index.php\/wp-json\/wp\/v2\/types\/product"}],"wp:featuredmedia":[{"embeddable":true,"href":"https:\/\/www.lekshoppen.se\/index.php\/wp-json\/wp\/v2\/media\/746"}],"wp:attachment":[{"href":"https:\/\/www.lekshoppen.se\/index.php\/wp-json\/wp\/v2\/media?parent=745"}],"wp:term":[{"taxonomy":"product_brand","embeddable":true,"href":"https:\/\/www.lekshoppen.se\/index.php\/wp-json\/wp\/v2\/product_brand?post=745"},{"taxonomy":"product_cat","embeddable":true,"href":"https:\/\/www.lekshoppen.se\/index.php\/wp-json\/wp\/v2\/product_cat?post=745"},{"taxonomy":"product_tag","embeddable":true,"href":"https:\/\/www.lekshoppen.se\/index.php\/wp-json\/wp\/v2\/product_tag?post=745"}],"curies":[{"name":"wp","href":"https:\/\/api.w.org\/{rel}","templated":true}]}}