{"id":743,"date":"2024-11-14T14:22:49","date_gmt":"2024-11-14T13:22:49","guid":{"rendered":"https:\/\/www.lekshoppen.se\/?post_type=product&#038;p=743"},"modified":"2024-11-14T14:22:49","modified_gmt":"2024-11-14T13:22:49","slug":"sojavax","status":"publish","type":"product","link":"https:\/\/www.lekshoppen.se\/index.php\/produkt\/sojavax\/","title":{"rendered":"Sojavax"},"content":{"rendered":"<p>Sojavax i flingor, 100 % veganskt. Passar f\u00f6r att gjuta egna ljus i olika beh\u00e5llare. Avger 80\u201390 % mindre sot \u00e4n traditionella ljus. Sm\u00e4lttemperatur: 50\u201355 \u00b0C.<br \/>\nVaxet levereras i form av flingor s\u00e5 det \u00e4r enkelt att m\u00e4ta upp exakt m\u00e4ngd vid gjutning av ljusen. Sm\u00e4lt f\u00f6rst vaxet i vattenbad (i en kastrull med vatten p\u00e5 spisen) eller i mikrov\u00e5gsugn vid 80 % intensitet i 30-sekundersintervall. Om du vill kan du blanda i doft och f\u00e4rg. F\u00e4st veken i beh\u00e5llarens botten med lite lim eller flytande vax. H\u00e4ll slutligen i den sm\u00e4lta vaxblandningen. Torktid: 4 timmar. H\u00e4rdningstid: 48 timmar innan det kan anv\u00e4ndas .<\/p>\n","protected":false},"excerpt":{"rendered":"<p>Sojavax<\/p>\n","protected":false},"featured_media":744,"template":"","meta":[],"product_brand":[],"product_cat":[22,61],"product_tag":[],"class_list":{"0":"post-743","1":"product","2":"type-product","3":"status-publish","4":"has-post-thumbnail","6":"product_cat-hobby","7":"product_cat-ljusstopninggjutning","9":"first","10":"instock","11":"shipping-taxable","12":"product-type-simple"},"_links":{"self":[{"href":"https:\/\/www.lekshoppen.se\/index.php\/wp-json\/wp\/v2\/product\/743","targetHints":{"allow":["GET"]}}],"collection":[{"href":"https:\/\/www.lekshoppen.se\/index.php\/wp-json\/wp\/v2\/product"}],"about":[{"href":"https:\/\/www.lekshoppen.se\/index.php\/wp-json\/wp\/v2\/types\/product"}],"wp:featuredmedia":[{"embeddable":true,"href":"https:\/\/www.lekshoppen.se\/index.php\/wp-json\/wp\/v2\/media\/744"}],"wp:attachment":[{"href":"https:\/\/www.lekshoppen.se\/index.php\/wp-json\/wp\/v2\/media?parent=743"}],"wp:term":[{"taxonomy":"product_brand","embeddable":true,"href":"https:\/\/www.lekshoppen.se\/index.php\/wp-json\/wp\/v2\/product_brand?post=743"},{"taxonomy":"product_cat","embeddable":true,"href":"https:\/\/www.lekshoppen.se\/index.php\/wp-json\/wp\/v2\/product_cat?post=743"},{"taxonomy":"product_tag","embeddable":true,"href":"https:\/\/www.lekshoppen.se\/index.php\/wp-json\/wp\/v2\/product_tag?post=743"}],"curies":[{"name":"wp","href":"https:\/\/api.w.org\/{rel}","templated":true}]}}