{"id":724,"date":"2024-11-14T13:20:55","date_gmt":"2024-11-14T12:20:55","guid":{"rendered":"https:\/\/www.lekshoppen.se\/?post_type=product&#038;p=724"},"modified":"2024-11-14T13:20:55","modified_gmt":"2024-11-14T12:20:55","slug":"ljuspennor","status":"publish","type":"product","link":"https:\/\/www.lekshoppen.se\/index.php\/produkt\/ljuspennor\/","title":{"rendered":"Ljuspennor"},"content":{"rendered":"<p>Vacker, helt\u00e4ckande f\u00e4rg av flytande vax som g\u00f6r det enkelt att dekorera gjutna ljus. Applicera f\u00e4rgen direkt med pennans spets eller anv\u00e4nd en pensel eller svamp. Ytan torkar p\u00e5 3 timmar och h\u00e4rdar efter 12 timmar. Om du vill ta bort vaxet kan du g\u00f6ra det med en fuktig pappershandduk medan det fortfarande \u00e4r fuktigt. Du kan ocks\u00e5 v\u00e4nta tills vaxet har torkat och sedan gnugga bort det.<\/p>\n<p>&nbsp;<\/p>\n","protected":false},"excerpt":{"rendered":"<p>Ljuspennor<\/p>\n","protected":false},"featured_media":725,"template":"","meta":[],"product_brand":[],"product_cat":[22,61],"product_tag":[],"class_list":{"0":"post-724","1":"product","2":"type-product","3":"status-publish","4":"has-post-thumbnail","6":"product_cat-hobby","7":"product_cat-ljusstopninggjutning","9":"first","10":"instock","11":"shipping-taxable","12":"product-type-simple"},"_links":{"self":[{"href":"https:\/\/www.lekshoppen.se\/index.php\/wp-json\/wp\/v2\/product\/724","targetHints":{"allow":["GET"]}}],"collection":[{"href":"https:\/\/www.lekshoppen.se\/index.php\/wp-json\/wp\/v2\/product"}],"about":[{"href":"https:\/\/www.lekshoppen.se\/index.php\/wp-json\/wp\/v2\/types\/product"}],"wp:featuredmedia":[{"embeddable":true,"href":"https:\/\/www.lekshoppen.se\/index.php\/wp-json\/wp\/v2\/media\/725"}],"wp:attachment":[{"href":"https:\/\/www.lekshoppen.se\/index.php\/wp-json\/wp\/v2\/media?parent=724"}],"wp:term":[{"taxonomy":"product_brand","embeddable":true,"href":"https:\/\/www.lekshoppen.se\/index.php\/wp-json\/wp\/v2\/product_brand?post=724"},{"taxonomy":"product_cat","embeddable":true,"href":"https:\/\/www.lekshoppen.se\/index.php\/wp-json\/wp\/v2\/product_cat?post=724"},{"taxonomy":"product_tag","embeddable":true,"href":"https:\/\/www.lekshoppen.se\/index.php\/wp-json\/wp\/v2\/product_tag?post=724"}],"curies":[{"name":"wp","href":"https:\/\/api.w.org\/{rel}","templated":true}]}}