{"id":705,"date":"2024-10-24T14:14:45","date_gmt":"2024-10-24T12:14:45","guid":{"rendered":"https:\/\/www.lekshoppen.se\/?post_type=product&#038;p=705"},"modified":"2024-10-24T14:14:45","modified_gmt":"2024-10-24T12:14:45","slug":"vallejo-penseltvatt","status":"publish","type":"product","link":"https:\/\/www.lekshoppen.se\/index.php\/produkt\/vallejo-penseltvatt\/","title":{"rendered":"Vallejo penseltv\u00e4tt"},"content":{"rendered":"<p>Brush cleaner. Reng\u00f6ringsmedel f\u00f6r penslar som har anv\u00e4nts med alkoholbaserade f\u00e4rger (Liquid Gold, Supergold) och penslar som helt enkelt beh\u00f6ver en mer grundlig reng\u00f6ring. Kommer inte att skada ens de finaste Kolinsky Sable-penslarna. 85ml.<\/p>\n<div>Mycket brandfarlig v\u00e4tska och \u00e5nga. Om medicinsk r\u00e5dgivning beh\u00f6vs, ha produktbeh\u00e5llaren eller etiketten till hands. F\u00f6rvaras utom r\u00e4ckh\u00e5ll f\u00f6r barn. F\u00e5r inte uts\u00e4ttas f\u00f6r v\u00e4rme, heta ytor, gnistor, \u00f6ppen eld eller andra ant\u00e4ndningsk\u00e4llor. R\u00f6kning f\u00f6rbjuden. F\u00f6rpackningen f\u00f6rvaras v\u00e4l tillsluten. Vid brand: Anv\u00e4nd ABC-pulversl\u00e4ckare f\u00f6r att sl\u00e4cka. Kassera inneh\u00e5llet\/beh\u00e5llaren enligt det separerade insamlingssystem som anv\u00e4nds i din kommun.<\/div>\n<div><\/div>\n","protected":false},"excerpt":{"rendered":"<p>Vallejo Penseltv\u00e4tt<\/p>\n","protected":false},"featured_media":706,"template":"","meta":[],"product_brand":[],"product_cat":[22,55],"product_tag":[],"class_list":{"0":"post-705","1":"product","2":"type-product","3":"status-publish","4":"has-post-thumbnail","6":"product_cat-hobby","7":"product_cat-mediumochandratillbehor","9":"first","10":"instock","11":"shipping-taxable","12":"product-type-simple"},"_links":{"self":[{"href":"https:\/\/www.lekshoppen.se\/index.php\/wp-json\/wp\/v2\/product\/705","targetHints":{"allow":["GET"]}}],"collection":[{"href":"https:\/\/www.lekshoppen.se\/index.php\/wp-json\/wp\/v2\/product"}],"about":[{"href":"https:\/\/www.lekshoppen.se\/index.php\/wp-json\/wp\/v2\/types\/product"}],"wp:featuredmedia":[{"embeddable":true,"href":"https:\/\/www.lekshoppen.se\/index.php\/wp-json\/wp\/v2\/media\/706"}],"wp:attachment":[{"href":"https:\/\/www.lekshoppen.se\/index.php\/wp-json\/wp\/v2\/media?parent=705"}],"wp:term":[{"taxonomy":"product_brand","embeddable":true,"href":"https:\/\/www.lekshoppen.se\/index.php\/wp-json\/wp\/v2\/product_brand?post=705"},{"taxonomy":"product_cat","embeddable":true,"href":"https:\/\/www.lekshoppen.se\/index.php\/wp-json\/wp\/v2\/product_cat?post=705"},{"taxonomy":"product_tag","embeddable":true,"href":"https:\/\/www.lekshoppen.se\/index.php\/wp-json\/wp\/v2\/product_tag?post=705"}],"curies":[{"name":"wp","href":"https:\/\/api.w.org\/{rel}","templated":true}]}}