{"id":688,"date":"2024-10-11T09:44:07","date_gmt":"2024-10-11T07:44:07","guid":{"rendered":"https:\/\/www.lekshoppen.se\/?post_type=product&#038;p=688"},"modified":"2024-10-11T09:52:51","modified_gmt":"2024-10-11T07:52:51","slug":"star-wars-r2-d2","status":"publish","type":"product","link":"https:\/\/www.lekshoppen.se\/index.php\/produkt\/star-wars-r2-d2\/","title":{"rendered":"Star wars R2-D2"},"content":{"rendered":"<p>Alla Star Wars fans favorit droid. Man beh\u00f6ver inte vara ett fan f\u00f6r att fatta tycke f\u00f6r denna robot. Nu kan du bygga din egen droid. En exceptionellt detaljerad LEGO\u00ae figur av droiden R2-D2. Fullsp\u00e4ckad med autentiska detaljer, som ett inf\u00e4llbart mittben, roterande huvud, \u00f6ppningsbara och utf\u00e4llbara framluckor, ett periskop som kan dras ut och vridas, och Luke Skywalkers ljussabel g\u00f6md i ett f\u00f6rvaringsutrymme i huvudet.<\/p>\n<p>Detta set med 2 315 delar erbjuder ett utmanande och givande bygge och m<span style=\"color: #333333;\">odellen \u00e4r 31 cm h\u00f6g, 20 cm bred och 15 cm djup, vilket g\u00f6r denna klossbyggda modell av R2-D2 till en imponerande uppvisningsmodell till hemmet eller arbetsplatsen.<\/span><\/p>\n<div style=\"width: 960px;\" class=\"wp-video\"><video class=\"wp-video-shortcode\" id=\"video-688-1\" width=\"960\" height=\"720\" preload=\"metadata\" controls=\"controls\"><source type=\"video\/mp4\" src=\"https:\/\/www.lekshoppen.se\/wp-content\/uploads\/2024\/10\/R2D2.mp4?_=1\" \/><a href=\"https:\/\/www.lekshoppen.se\/wp-content\/uploads\/2024\/10\/R2D2.mp4\">https:\/\/www.lekshoppen.se\/wp-content\/uploads\/2024\/10\/R2D2.mp4<\/a><\/video><\/div>\n<div style=\"width: 1020px;\" class=\"wp-video\"><video class=\"wp-video-shortcode\" id=\"video-688-2\" width=\"1020\" height=\"574\" preload=\"metadata\" controls=\"controls\"><source type=\"video\/mp4\" src=\"https:\/\/www.lekshoppen.se\/wp-content\/uploads\/2024\/10\/R2D2bygge.mp4?_=2\" \/><a href=\"https:\/\/www.lekshoppen.se\/wp-content\/uploads\/2024\/10\/R2D2bygge.mp4\">https:\/\/www.lekshoppen.se\/wp-content\/uploads\/2024\/10\/R2D2bygge.mp4<\/a><\/video><\/div>\n","protected":false},"excerpt":{"rendered":"<p>Droiden R2-D2<\/p>\n","protected":false},"featured_media":689,"template":"","meta":[],"product_brand":[],"product_cat":[58,57,59],"product_tag":[],"class_list":{"0":"post-688","1":"product","2":"type-product","3":"status-publish","4":"has-post-thumbnail","6":"product_cat-avanceratlego18","7":"product_cat-lego","8":"product_cat-starwars","10":"first","11":"instock","12":"shipping-taxable","13":"product-type-simple"},"_links":{"self":[{"href":"https:\/\/www.lekshoppen.se\/index.php\/wp-json\/wp\/v2\/product\/688","targetHints":{"allow":["GET"]}}],"collection":[{"href":"https:\/\/www.lekshoppen.se\/index.php\/wp-json\/wp\/v2\/product"}],"about":[{"href":"https:\/\/www.lekshoppen.se\/index.php\/wp-json\/wp\/v2\/types\/product"}],"wp:featuredmedia":[{"embeddable":true,"href":"https:\/\/www.lekshoppen.se\/index.php\/wp-json\/wp\/v2\/media\/689"}],"wp:attachment":[{"href":"https:\/\/www.lekshoppen.se\/index.php\/wp-json\/wp\/v2\/media?parent=688"}],"wp:term":[{"taxonomy":"product_brand","embeddable":true,"href":"https:\/\/www.lekshoppen.se\/index.php\/wp-json\/wp\/v2\/product_brand?post=688"},{"taxonomy":"product_cat","embeddable":true,"href":"https:\/\/www.lekshoppen.se\/index.php\/wp-json\/wp\/v2\/product_cat?post=688"},{"taxonomy":"product_tag","embeddable":true,"href":"https:\/\/www.lekshoppen.se\/index.php\/wp-json\/wp\/v2\/product_tag?post=688"}],"curies":[{"name":"wp","href":"https:\/\/api.w.org\/{rel}","templated":true}]}}