{"id":673,"date":"2024-09-27T11:14:44","date_gmt":"2024-09-27T09:14:44","guid":{"rendered":"https:\/\/www.lekshoppen.se\/?post_type=product&#038;p=673"},"modified":"2024-09-27T11:21:48","modified_gmt":"2024-09-27T09:21:48","slug":"4-hjuling","status":"publish","type":"product","link":"https:\/\/www.lekshoppen.se\/index.php\/produkt\/4-hjuling\/","title":{"rendered":"4-hjuling"},"content":{"rendered":"<p>Skalenliga 4-hjulingar. 4 olika m\u00e4rken. Yamaha, Suzuki, Honda, Kawasaki. De m\u00e4ter 15cm. Var f\u00f6rsiktig med styret. Det \u00e4r tunt. Plast och metall.<\/p>\n<p>Rek. \u00e5lder 5+<\/p>\n<p>&nbsp;<\/p>\n<p>&nbsp;<\/p>\n","protected":false},"excerpt":{"rendered":"<p>4-hjuling<\/p>\n","protected":false},"featured_media":674,"template":"","meta":[],"product_brand":[],"product_cat":[26,15],"product_tag":[],"class_list":{"0":"post-673","1":"product","2":"type-product","3":"status-publish","4":"has-post-thumbnail","6":"product_cat-fordon","7":"product_cat-leksaker","9":"first","10":"instock","11":"shipping-taxable","12":"product-type-simple"},"_links":{"self":[{"href":"https:\/\/www.lekshoppen.se\/index.php\/wp-json\/wp\/v2\/product\/673","targetHints":{"allow":["GET"]}}],"collection":[{"href":"https:\/\/www.lekshoppen.se\/index.php\/wp-json\/wp\/v2\/product"}],"about":[{"href":"https:\/\/www.lekshoppen.se\/index.php\/wp-json\/wp\/v2\/types\/product"}],"wp:featuredmedia":[{"embeddable":true,"href":"https:\/\/www.lekshoppen.se\/index.php\/wp-json\/wp\/v2\/media\/674"}],"wp:attachment":[{"href":"https:\/\/www.lekshoppen.se\/index.php\/wp-json\/wp\/v2\/media?parent=673"}],"wp:term":[{"taxonomy":"product_brand","embeddable":true,"href":"https:\/\/www.lekshoppen.se\/index.php\/wp-json\/wp\/v2\/product_brand?post=673"},{"taxonomy":"product_cat","embeddable":true,"href":"https:\/\/www.lekshoppen.se\/index.php\/wp-json\/wp\/v2\/product_cat?post=673"},{"taxonomy":"product_tag","embeddable":true,"href":"https:\/\/www.lekshoppen.se\/index.php\/wp-json\/wp\/v2\/product_tag?post=673"}],"curies":[{"name":"wp","href":"https:\/\/api.w.org\/{rel}","templated":true}]}}