{"id":662,"date":"2024-09-12T18:27:51","date_gmt":"2024-09-12T16:27:51","guid":{"rendered":"https:\/\/www.lekshoppen.se\/?post_type=product&#038;p=662"},"modified":"2024-09-12T18:30:12","modified_gmt":"2024-09-12T16:30:12","slug":"mnt-94-sprayfarg","status":"publish","type":"product","link":"https:\/\/www.lekshoppen.se\/index.php\/produkt\/mnt-94-sprayfarg\/","title":{"rendered":"MNT 94 sprayf\u00e4rg"},"content":{"rendered":"<p>Professionella sprayburkar med syntetisk matt sprayf\u00e4rg som \u00e4r extremt l\u00e4ttanv\u00e4nd tack vare sitt l\u00e5ga tryck och snabba torktid. Den passar lika bra f\u00f6r professionellt arbete likv\u00e4l som f\u00f6r nyb\u00f6rjaren och \u00e4r en perfekt sprayf\u00e4rg f\u00f6r graffiti, gatukonst, dekorationsm\u00e5leri och annat konstn\u00e4rligt arbete. Perfekt f\u00f6r alla typer av applikationer, universellt valv ger m\u00f6jlighet till ultratunna eller extremt tjocka linjer. Storlek: 400 ml<\/p>\n<p>FUNKTIONER L\u00e5gt tryck. Snabbtorkande. Bra h\u00e4rdning. Utm\u00e4rkt flexibilitet. Starkt motst\u00e5nd mot repor n\u00e4r filmen har polymeriserats. Inneh\u00e5ller inte bly eller andra tungmetaller. Bra t\u00e4ckf\u00f6rm\u00e5ga. F\u00e4rgbest\u00e4ndighet. L\u00e4tt att applicera och m\u00e5la om. Mycket bra motst\u00e5ndskraft mot sol, regn och UV-ljus.<\/p>\n","protected":false},"excerpt":{"rendered":"<p>MNT 94 spray<\/p>\n","protected":false},"featured_media":663,"template":"","meta":[],"product_brand":[],"product_cat":[54,22],"product_tag":[],"class_list":{"0":"post-662","1":"product","2":"type-product","3":"status-publish","4":"has-post-thumbnail","6":"product_cat-farg","7":"product_cat-hobby","9":"first","10":"instock","11":"shipping-taxable","12":"product-type-simple"},"_links":{"self":[{"href":"https:\/\/www.lekshoppen.se\/index.php\/wp-json\/wp\/v2\/product\/662","targetHints":{"allow":["GET"]}}],"collection":[{"href":"https:\/\/www.lekshoppen.se\/index.php\/wp-json\/wp\/v2\/product"}],"about":[{"href":"https:\/\/www.lekshoppen.se\/index.php\/wp-json\/wp\/v2\/types\/product"}],"wp:featuredmedia":[{"embeddable":true,"href":"https:\/\/www.lekshoppen.se\/index.php\/wp-json\/wp\/v2\/media\/663"}],"wp:attachment":[{"href":"https:\/\/www.lekshoppen.se\/index.php\/wp-json\/wp\/v2\/media?parent=662"}],"wp:term":[{"taxonomy":"product_brand","embeddable":true,"href":"https:\/\/www.lekshoppen.se\/index.php\/wp-json\/wp\/v2\/product_brand?post=662"},{"taxonomy":"product_cat","embeddable":true,"href":"https:\/\/www.lekshoppen.se\/index.php\/wp-json\/wp\/v2\/product_cat?post=662"},{"taxonomy":"product_tag","embeddable":true,"href":"https:\/\/www.lekshoppen.se\/index.php\/wp-json\/wp\/v2\/product_tag?post=662"}],"curies":[{"name":"wp","href":"https:\/\/api.w.org\/{rel}","templated":true}]}}