{"id":653,"date":"2024-09-12T17:03:49","date_gmt":"2024-09-12T15:03:49","guid":{"rendered":"https:\/\/www.lekshoppen.se\/?post_type=product&#038;p=653"},"modified":"2024-09-12T17:03:49","modified_gmt":"2024-09-12T15:03:49","slug":"pouring-medium","status":"publish","type":"product","link":"https:\/\/www.lekshoppen.se\/index.php\/produkt\/pouring-medium\/","title":{"rendered":"Pouring medium"},"content":{"rendered":"<div class=\"slot--article-description\">\n<div class=\"ng-scope ng-isolate-scope\">\n<div class=\"tws-article-description\">\n<div class=\"tws-article-description--text-container\">\n<div>Med detta medium kan du konvertera akrylf\u00e4rg till pouringf\u00e4rg p\u00e5 ett enkelt vis. Kom ih\u00e5g att r\u00f6ra runt mediet och akrylf\u00e4rgen noga s\u00e5 att de blandar sig v\u00e4l \u2013 d\u00e5 f\u00e5r du en fin plan yta n\u00e4r f\u00e4rgen h\u00e4lls ut.<\/div>\n<div class=\"tws-article-description--text ng-binding\">Detta medium g\u00f6r f\u00e4rgen j\u00e4mn, flytande och h\u00e4llbar samt ger en glansig och elastisk yta som f\u00f6rhindrar krackelering. Amsterdam pouring medium kan blandas med Amsterdam akrylf\u00e4rg och ink, Mediet \u00e4r mj\u00f6lkvitt i burken, men torkar f\u00e4rgl\u00f6st och transparent och blir vattenfast. Bilderna visar vilka h\u00e4ftiga effekter man kan f\u00e5.<\/div>\n<\/div>\n<\/div>\n<\/div>\n<\/div>\n","protected":false},"excerpt":{"rendered":"<p>Pouring medium<\/p>\n","protected":false},"featured_media":654,"template":"","meta":[],"product_brand":[],"product_cat":[22,55],"product_tag":[],"class_list":{"0":"post-653","1":"product","2":"type-product","3":"status-publish","4":"has-post-thumbnail","6":"product_cat-hobby","7":"product_cat-mediumochandratillbehor","9":"first","10":"instock","11":"shipping-taxable","12":"product-type-simple"},"_links":{"self":[{"href":"https:\/\/www.lekshoppen.se\/index.php\/wp-json\/wp\/v2\/product\/653","targetHints":{"allow":["GET"]}}],"collection":[{"href":"https:\/\/www.lekshoppen.se\/index.php\/wp-json\/wp\/v2\/product"}],"about":[{"href":"https:\/\/www.lekshoppen.se\/index.php\/wp-json\/wp\/v2\/types\/product"}],"wp:featuredmedia":[{"embeddable":true,"href":"https:\/\/www.lekshoppen.se\/index.php\/wp-json\/wp\/v2\/media\/654"}],"wp:attachment":[{"href":"https:\/\/www.lekshoppen.se\/index.php\/wp-json\/wp\/v2\/media?parent=653"}],"wp:term":[{"taxonomy":"product_brand","embeddable":true,"href":"https:\/\/www.lekshoppen.se\/index.php\/wp-json\/wp\/v2\/product_brand?post=653"},{"taxonomy":"product_cat","embeddable":true,"href":"https:\/\/www.lekshoppen.se\/index.php\/wp-json\/wp\/v2\/product_cat?post=653"},{"taxonomy":"product_tag","embeddable":true,"href":"https:\/\/www.lekshoppen.se\/index.php\/wp-json\/wp\/v2\/product_tag?post=653"}],"curies":[{"name":"wp","href":"https:\/\/api.w.org\/{rel}","templated":true}]}}