{"id":612,"date":"2024-08-29T14:33:04","date_gmt":"2024-08-29T12:33:04","guid":{"rendered":"https:\/\/www.lekshoppen.se\/?post_type=product&#038;p=612"},"modified":"2024-08-29T15:02:04","modified_gmt":"2024-08-29T13:02:04","slug":"cat-416-gravlastare","status":"publish","type":"product","link":"https:\/\/www.lekshoppen.se\/index.php\/produkt\/cat-416-gravlastare\/","title":{"rendered":"Cat 416 Gr\u00e4vlastare"},"content":{"rendered":"<p>Norscot Cat 416 gr\u00e4vlastare i skala 1:32.<\/p>\n<p>Realistisk r\u00f6relse i b\u00e5de gr\u00e4vaggregat och lastarsektioner. V\u00e4nster och h\u00f6ger stabilisatorer h\u00f6js och s\u00e4nks.<\/p>\n<p>Detta \u00e4r en samlarmodel och r\u00e4knas inte som leksak.<\/p>\n<p>* Detaljerad hyttinteri\u00f6r<br \/>\n* Autentisk Cat Machine Gul f\u00e4rg<br \/>\n* Autentisk Cat original dekal detalj cirka 1985<br \/>\n* Center Pivot gr\u00e4vaggregat design<br \/>\n* Man\u00f6vrering av lastarmar och gr\u00e4varbom<br \/>\n* V\u00e4nster och h\u00f6ger stabilisatorer med kuddar h\u00f6ja och s\u00e4nka<br \/>\n* Framhjulsstyrning med oscillerande axel<br \/>\n* Autentisk design av d\u00e4ckslitbanan<br \/>\n* M\u00e5tt: 240 x 80 x 80 mm<\/p>\n","protected":false},"excerpt":{"rendered":"<p>Cat 416 gr\u00e4vlastare<\/p>\n","protected":false},"featured_media":613,"template":"","meta":[],"product_brand":[],"product_cat":[52,53],"product_tag":[],"class_list":{"0":"post-612","1":"product","2":"type-product","3":"status-publish","4":"has-post-thumbnail","6":"product_cat-arbetsmaskiner","7":"product_cat-motorart","9":"first","10":"instock","11":"shipping-taxable","12":"product-type-simple"},"_links":{"self":[{"href":"https:\/\/www.lekshoppen.se\/index.php\/wp-json\/wp\/v2\/product\/612","targetHints":{"allow":["GET"]}}],"collection":[{"href":"https:\/\/www.lekshoppen.se\/index.php\/wp-json\/wp\/v2\/product"}],"about":[{"href":"https:\/\/www.lekshoppen.se\/index.php\/wp-json\/wp\/v2\/types\/product"}],"wp:featuredmedia":[{"embeddable":true,"href":"https:\/\/www.lekshoppen.se\/index.php\/wp-json\/wp\/v2\/media\/613"}],"wp:attachment":[{"href":"https:\/\/www.lekshoppen.se\/index.php\/wp-json\/wp\/v2\/media?parent=612"}],"wp:term":[{"taxonomy":"product_brand","embeddable":true,"href":"https:\/\/www.lekshoppen.se\/index.php\/wp-json\/wp\/v2\/product_brand?post=612"},{"taxonomy":"product_cat","embeddable":true,"href":"https:\/\/www.lekshoppen.se\/index.php\/wp-json\/wp\/v2\/product_cat?post=612"},{"taxonomy":"product_tag","embeddable":true,"href":"https:\/\/www.lekshoppen.se\/index.php\/wp-json\/wp\/v2\/product_tag?post=612"}],"curies":[{"name":"wp","href":"https:\/\/api.w.org\/{rel}","templated":true}]}}