{"id":594,"date":"2024-08-22T19:51:32","date_gmt":"2024-08-22T17:51:32","guid":{"rendered":"https:\/\/www.lekshoppen.se\/?post_type=product&#038;p=594"},"modified":"2024-08-22T19:51:32","modified_gmt":"2024-08-22T17:51:32","slug":"malarrulle","status":"publish","type":"product","link":"https:\/\/www.lekshoppen.se\/index.php\/produkt\/malarrulle\/","title":{"rendered":"M\u00e5larrulle"},"content":{"rendered":"<p>2,5m l\u00e5ngt och 46cm brett papper med tryck som barnen kan m\u00e5la. M\u00e5la sj\u00e4lv eller var flera stycken. 6 st tr\u00e4 f\u00e4rgpennor f\u00f6ljer ocks\u00e5 med.<\/p>\n<p>Rek.\u00e5lder 3+<\/p>\n","protected":false},"excerpt":{"rendered":"<p>M\u00e5llarrulle<\/p>\n","protected":false},"featured_media":595,"template":"","meta":[],"product_brand":[],"product_cat":[49,50],"product_tag":[],"class_list":{"0":"post-594","1":"product","2":"type-product","3":"status-publish","4":"has-post-thumbnail","6":"product_cat-hobbyjunior","7":"product_cat-ritamala","9":"first","10":"instock","11":"shipping-taxable","12":"product-type-simple"},"_links":{"self":[{"href":"https:\/\/www.lekshoppen.se\/index.php\/wp-json\/wp\/v2\/product\/594","targetHints":{"allow":["GET"]}}],"collection":[{"href":"https:\/\/www.lekshoppen.se\/index.php\/wp-json\/wp\/v2\/product"}],"about":[{"href":"https:\/\/www.lekshoppen.se\/index.php\/wp-json\/wp\/v2\/types\/product"}],"wp:featuredmedia":[{"embeddable":true,"href":"https:\/\/www.lekshoppen.se\/index.php\/wp-json\/wp\/v2\/media\/595"}],"wp:attachment":[{"href":"https:\/\/www.lekshoppen.se\/index.php\/wp-json\/wp\/v2\/media?parent=594"}],"wp:term":[{"taxonomy":"product_brand","embeddable":true,"href":"https:\/\/www.lekshoppen.se\/index.php\/wp-json\/wp\/v2\/product_brand?post=594"},{"taxonomy":"product_cat","embeddable":true,"href":"https:\/\/www.lekshoppen.se\/index.php\/wp-json\/wp\/v2\/product_cat?post=594"},{"taxonomy":"product_tag","embeddable":true,"href":"https:\/\/www.lekshoppen.se\/index.php\/wp-json\/wp\/v2\/product_tag?post=594"}],"curies":[{"name":"wp","href":"https:\/\/api.w.org\/{rel}","templated":true}]}}