{"id":590,"date":"2024-08-22T19:09:12","date_gmt":"2024-08-22T17:09:12","guid":{"rendered":"https:\/\/www.lekshoppen.se\/?post_type=product&#038;p=590"},"modified":"2024-08-22T19:09:12","modified_gmt":"2024-08-22T17:09:12","slug":"vattenfarg","status":"publish","type":"product","link":"https:\/\/www.lekshoppen.se\/index.php\/produkt\/vattenfarg\/","title":{"rendered":"Vattenf\u00e4rg"},"content":{"rendered":"<p>Vattenf\u00e4rgs-palett med 18 f\u00e4rger + en pensel.<\/p>\n<p>Rek.\u00e5lder 4+<\/p>\n","protected":false},"excerpt":{"rendered":"<p>Vattenf\u00e4rg 18st.<\/p>\n","protected":false},"featured_media":591,"template":"","meta":[],"product_brand":[],"product_cat":[49,50],"product_tag":[],"class_list":{"0":"post-590","1":"product","2":"type-product","3":"status-publish","4":"has-post-thumbnail","6":"product_cat-hobbyjunior","7":"product_cat-ritamala","9":"first","10":"instock","11":"shipping-taxable","12":"product-type-simple"},"_links":{"self":[{"href":"https:\/\/www.lekshoppen.se\/index.php\/wp-json\/wp\/v2\/product\/590","targetHints":{"allow":["GET"]}}],"collection":[{"href":"https:\/\/www.lekshoppen.se\/index.php\/wp-json\/wp\/v2\/product"}],"about":[{"href":"https:\/\/www.lekshoppen.se\/index.php\/wp-json\/wp\/v2\/types\/product"}],"wp:featuredmedia":[{"embeddable":true,"href":"https:\/\/www.lekshoppen.se\/index.php\/wp-json\/wp\/v2\/media\/591"}],"wp:attachment":[{"href":"https:\/\/www.lekshoppen.se\/index.php\/wp-json\/wp\/v2\/media?parent=590"}],"wp:term":[{"taxonomy":"product_brand","embeddable":true,"href":"https:\/\/www.lekshoppen.se\/index.php\/wp-json\/wp\/v2\/product_brand?post=590"},{"taxonomy":"product_cat","embeddable":true,"href":"https:\/\/www.lekshoppen.se\/index.php\/wp-json\/wp\/v2\/product_cat?post=590"},{"taxonomy":"product_tag","embeddable":true,"href":"https:\/\/www.lekshoppen.se\/index.php\/wp-json\/wp\/v2\/product_tag?post=590"}],"curies":[{"name":"wp","href":"https:\/\/api.w.org\/{rel}","templated":true}]}}