{"id":566,"date":"2024-08-13T18:19:31","date_gmt":"2024-08-13T16:19:31","guid":{"rendered":"https:\/\/www.lekshoppen.se\/?post_type=product&#038;p=566"},"modified":"2025-11-12T15:51:48","modified_gmt":"2025-11-12T14:51:48","slug":"pokemon-clip-n-go","status":"publish","type":"product","link":"https:\/\/www.lekshoppen.se\/index.php\/produkt\/pokemon-clip-n-go\/","title":{"rendered":"Pokemon clip \u00b4n go"},"content":{"rendered":"<p>Denna Pokemonboll med en 5cm figur i kan du ta med \u00f6verallt. L\u00e4tt att f\u00e4sta p\u00e5 Pokemonb\u00e4ltet eller i Pokemonv\u00e4skan. Flera olika sorter finns att v\u00e4lja mellan.<\/p>\n<p>Rek.\u00e5lder 4+<\/p>\n<p>&nbsp;<\/p>\n","protected":false},"excerpt":{"rendered":"<p>Pokemon clip \u00b4n go<\/p>\n","protected":false},"featured_media":567,"template":"","meta":[],"product_brand":[],"product_cat":[47,15,18],"product_tag":[],"class_list":{"0":"post-566","1":"product","2":"type-product","3":"status-publish","4":"has-post-thumbnail","6":"product_cat-figurer","7":"product_cat-leksaker","8":"product_cat-populart","10":"first","11":"instock","12":"shipping-taxable","13":"product-type-simple"},"_links":{"self":[{"href":"https:\/\/www.lekshoppen.se\/index.php\/wp-json\/wp\/v2\/product\/566","targetHints":{"allow":["GET"]}}],"collection":[{"href":"https:\/\/www.lekshoppen.se\/index.php\/wp-json\/wp\/v2\/product"}],"about":[{"href":"https:\/\/www.lekshoppen.se\/index.php\/wp-json\/wp\/v2\/types\/product"}],"wp:featuredmedia":[{"embeddable":true,"href":"https:\/\/www.lekshoppen.se\/index.php\/wp-json\/wp\/v2\/media\/567"}],"wp:attachment":[{"href":"https:\/\/www.lekshoppen.se\/index.php\/wp-json\/wp\/v2\/media?parent=566"}],"wp:term":[{"taxonomy":"product_brand","embeddable":true,"href":"https:\/\/www.lekshoppen.se\/index.php\/wp-json\/wp\/v2\/product_brand?post=566"},{"taxonomy":"product_cat","embeddable":true,"href":"https:\/\/www.lekshoppen.se\/index.php\/wp-json\/wp\/v2\/product_cat?post=566"},{"taxonomy":"product_tag","embeddable":true,"href":"https:\/\/www.lekshoppen.se\/index.php\/wp-json\/wp\/v2\/product_tag?post=566"}],"curies":[{"name":"wp","href":"https:\/\/api.w.org\/{rel}","templated":true}]}}