{"id":559,"date":"2024-08-13T17:15:11","date_gmt":"2024-08-13T15:15:11","guid":{"rendered":"https:\/\/www.lekshoppen.se\/?post_type=product&#038;p=559"},"modified":"2025-11-12T15:52:19","modified_gmt":"2025-11-12T14:52:19","slug":"pokemon-battle-figur-gen-ix-4pack","status":"publish","type":"product","link":"https:\/\/www.lekshoppen.se\/index.php\/produkt\/pokemon-battle-figur-gen-ix-4pack\/","title":{"rendered":"Pokemon Battle figur gen IX 4pack"},"content":{"rendered":"<p>En ny generation Pokemonfigurer. Setet inkluderar tre f\u00f6rsta partner Pok\u00e9mon fr\u00e5n Paldea. Figurerna \u00e4r 5cm och \u00e4r kompatibel med Pok\u00e9mon Clip &#8217;N&#8217; Go och Carry Case Playset (s\u00e4ljs separat). Alla har autentiska detaljer och ser ut som om de just hoppat ut fr\u00e5n Pok\u00e9mon Animated Series.<\/p>\n<p>Inneh\u00e5ller:<\/p>\n<p>&#8211; 1 x Fuecoco<\/p>\n<p>&#8211; 1 x Quaxly<\/p>\n<p>&#8211; 1 x Sprigatito<\/p>\n<p>&#8211; 1 x Pikachu<\/p>\n<p>Rek.\u00e5lder 4+<\/p>\n","protected":false},"excerpt":{"rendered":"<p>Pokemon Battle figurer<\/p>\n","protected":false},"featured_media":560,"template":"","meta":[],"product_brand":[],"product_cat":[47,15],"product_tag":[],"class_list":{"0":"post-559","1":"product","2":"type-product","3":"status-publish","4":"has-post-thumbnail","6":"product_cat-figurer","7":"product_cat-leksaker","9":"first","10":"instock","11":"shipping-taxable","12":"product-type-simple"},"_links":{"self":[{"href":"https:\/\/www.lekshoppen.se\/index.php\/wp-json\/wp\/v2\/product\/559","targetHints":{"allow":["GET"]}}],"collection":[{"href":"https:\/\/www.lekshoppen.se\/index.php\/wp-json\/wp\/v2\/product"}],"about":[{"href":"https:\/\/www.lekshoppen.se\/index.php\/wp-json\/wp\/v2\/types\/product"}],"wp:featuredmedia":[{"embeddable":true,"href":"https:\/\/www.lekshoppen.se\/index.php\/wp-json\/wp\/v2\/media\/560"}],"wp:attachment":[{"href":"https:\/\/www.lekshoppen.se\/index.php\/wp-json\/wp\/v2\/media?parent=559"}],"wp:term":[{"taxonomy":"product_brand","embeddable":true,"href":"https:\/\/www.lekshoppen.se\/index.php\/wp-json\/wp\/v2\/product_brand?post=559"},{"taxonomy":"product_cat","embeddable":true,"href":"https:\/\/www.lekshoppen.se\/index.php\/wp-json\/wp\/v2\/product_cat?post=559"},{"taxonomy":"product_tag","embeddable":true,"href":"https:\/\/www.lekshoppen.se\/index.php\/wp-json\/wp\/v2\/product_tag?post=559"}],"curies":[{"name":"wp","href":"https:\/\/api.w.org\/{rel}","templated":true}]}}