{"id":516,"date":"2024-08-01T20:49:15","date_gmt":"2024-08-01T18:49:15","guid":{"rendered":"https:\/\/www.lekshoppen.se\/?post_type=product&#038;p=516"},"modified":"2024-08-01T20:56:19","modified_gmt":"2024-08-01T18:56:19","slug":"citadel-colour-painting-handle-2","status":"publish","type":"product","link":"https:\/\/www.lekshoppen.se\/index.php\/produkt\/citadel-colour-painting-handle-2\/","title":{"rendered":"Citadel colour painting handle"},"content":{"rendered":"<p>Utvecklingen av ett revolutionerande verktyg. F\u00f6rb\u00e4ttrad balans och ergonomisk design. Fj\u00e4derbelastat sp\u00e4nne h\u00e5ller modellerna s\u00e4kert p\u00e5 plats<\/p>\n","protected":false},"excerpt":{"rendered":"<p>Citadel m\u00e5larhandtag.<\/p>\n","protected":false},"featured_media":522,"template":"","meta":[],"product_brand":[],"product_cat":[45,38],"product_tag":[],"class_list":{"0":"post-516","1":"product","2":"type-product","3":"status-publish","4":"has-post-thumbnail","6":"product_cat-citadel","7":"product_cat-warhammer","9":"first","10":"instock","11":"shipping-taxable","12":"product-type-simple"},"_links":{"self":[{"href":"https:\/\/www.lekshoppen.se\/index.php\/wp-json\/wp\/v2\/product\/516","targetHints":{"allow":["GET"]}}],"collection":[{"href":"https:\/\/www.lekshoppen.se\/index.php\/wp-json\/wp\/v2\/product"}],"about":[{"href":"https:\/\/www.lekshoppen.se\/index.php\/wp-json\/wp\/v2\/types\/product"}],"wp:featuredmedia":[{"embeddable":true,"href":"https:\/\/www.lekshoppen.se\/index.php\/wp-json\/wp\/v2\/media\/522"}],"wp:attachment":[{"href":"https:\/\/www.lekshoppen.se\/index.php\/wp-json\/wp\/v2\/media?parent=516"}],"wp:term":[{"taxonomy":"product_brand","embeddable":true,"href":"https:\/\/www.lekshoppen.se\/index.php\/wp-json\/wp\/v2\/product_brand?post=516"},{"taxonomy":"product_cat","embeddable":true,"href":"https:\/\/www.lekshoppen.se\/index.php\/wp-json\/wp\/v2\/product_cat?post=516"},{"taxonomy":"product_tag","embeddable":true,"href":"https:\/\/www.lekshoppen.se\/index.php\/wp-json\/wp\/v2\/product_tag?post=516"}],"curies":[{"name":"wp","href":"https:\/\/api.w.org\/{rel}","templated":true}]}}