{"id":506,"date":"2024-08-01T19:33:43","date_gmt":"2024-08-01T17:33:43","guid":{"rendered":"https:\/\/www.lekshoppen.se\/?post_type=product&#038;p=506"},"modified":"2024-08-01T19:33:43","modified_gmt":"2024-08-01T17:33:43","slug":"citadel-colour-painting-handle","status":"publish","type":"product","link":"https:\/\/www.lekshoppen.se\/index.php\/produkt\/citadel-colour-painting-handle\/","title":{"rendered":"Citadel Colour Painting Handle"},"content":{"rendered":"<p>En st\u00f6rre version av Citadel Colour m\u00e5larhandtag. Balanserad och ergonomisk design g\u00f6r att du slipper h\u00e5lla i stora modeller. Fj\u00e4derbelastad kl\u00e4mma h\u00e5ller \u00e4ven tunga modeller s\u00e4kert.<\/p>\n","protected":false},"excerpt":{"rendered":"<p>Citadel m\u00e5larhandtag XL<\/p>\n","protected":false},"featured_media":507,"template":"","meta":[],"product_brand":[],"product_cat":[45,38],"product_tag":[],"class_list":{"0":"post-506","1":"product","2":"type-product","3":"status-publish","4":"has-post-thumbnail","6":"product_cat-citadel","7":"product_cat-warhammer","9":"first","10":"instock","11":"shipping-taxable","12":"product-type-simple"},"_links":{"self":[{"href":"https:\/\/www.lekshoppen.se\/index.php\/wp-json\/wp\/v2\/product\/506","targetHints":{"allow":["GET"]}}],"collection":[{"href":"https:\/\/www.lekshoppen.se\/index.php\/wp-json\/wp\/v2\/product"}],"about":[{"href":"https:\/\/www.lekshoppen.se\/index.php\/wp-json\/wp\/v2\/types\/product"}],"wp:featuredmedia":[{"embeddable":true,"href":"https:\/\/www.lekshoppen.se\/index.php\/wp-json\/wp\/v2\/media\/507"}],"wp:attachment":[{"href":"https:\/\/www.lekshoppen.se\/index.php\/wp-json\/wp\/v2\/media?parent=506"}],"wp:term":[{"taxonomy":"product_brand","embeddable":true,"href":"https:\/\/www.lekshoppen.se\/index.php\/wp-json\/wp\/v2\/product_brand?post=506"},{"taxonomy":"product_cat","embeddable":true,"href":"https:\/\/www.lekshoppen.se\/index.php\/wp-json\/wp\/v2\/product_cat?post=506"},{"taxonomy":"product_tag","embeddable":true,"href":"https:\/\/www.lekshoppen.se\/index.php\/wp-json\/wp\/v2\/product_tag?post=506"}],"curies":[{"name":"wp","href":"https:\/\/api.w.org\/{rel}","templated":true}]}}