{"id":501,"date":"2024-08-01T17:00:03","date_gmt":"2024-08-01T15:00:03","guid":{"rendered":"https:\/\/www.lekshoppen.se\/?post_type=product&#038;p=501"},"modified":"2024-08-01T17:00:03","modified_gmt":"2024-08-01T15:00:03","slug":"citadel-mouldline-remover","status":"publish","type":"product","link":"https:\/\/www.lekshoppen.se\/index.php\/produkt\/citadel-mouldline-remover\/","title":{"rendered":"Citadel Mouldline remover"},"content":{"rendered":"<p>Skrapverktyg utformat f\u00f6r att ta bort rester p\u00e5 gjutningsprocessen innan du m\u00e5lar dina modeller. Smal n\u00e4sa och ergonomiskt handtag m\u00f6jligg\u00f6r smidigt arbete och minskad handtr\u00f6tthet. Sk\u00e5ra p\u00e5 baksidan av bladet g\u00f6r det enkelt att j\u00e4mna ut basf\u00e4lgarna f\u00f6r en ren finish.<\/p>\n","protected":false},"excerpt":{"rendered":"<p>Citadel skrapverktyg.<\/p>\n","protected":false},"featured_media":502,"template":"","meta":[],"product_brand":[],"product_cat":[45,38],"product_tag":[],"class_list":{"0":"post-501","1":"product","2":"type-product","3":"status-publish","4":"has-post-thumbnail","6":"product_cat-citadel","7":"product_cat-warhammer","9":"first","10":"instock","11":"shipping-taxable","12":"product-type-simple"},"_links":{"self":[{"href":"https:\/\/www.lekshoppen.se\/index.php\/wp-json\/wp\/v2\/product\/501","targetHints":{"allow":["GET"]}}],"collection":[{"href":"https:\/\/www.lekshoppen.se\/index.php\/wp-json\/wp\/v2\/product"}],"about":[{"href":"https:\/\/www.lekshoppen.se\/index.php\/wp-json\/wp\/v2\/types\/product"}],"wp:featuredmedia":[{"embeddable":true,"href":"https:\/\/www.lekshoppen.se\/index.php\/wp-json\/wp\/v2\/media\/502"}],"wp:attachment":[{"href":"https:\/\/www.lekshoppen.se\/index.php\/wp-json\/wp\/v2\/media?parent=501"}],"wp:term":[{"taxonomy":"product_brand","embeddable":true,"href":"https:\/\/www.lekshoppen.se\/index.php\/wp-json\/wp\/v2\/product_brand?post=501"},{"taxonomy":"product_cat","embeddable":true,"href":"https:\/\/www.lekshoppen.se\/index.php\/wp-json\/wp\/v2\/product_cat?post=501"},{"taxonomy":"product_tag","embeddable":true,"href":"https:\/\/www.lekshoppen.se\/index.php\/wp-json\/wp\/v2\/product_tag?post=501"}],"curies":[{"name":"wp","href":"https:\/\/api.w.org\/{rel}","templated":true}]}}