{"id":497,"date":"2024-08-01T16:54:34","date_gmt":"2024-08-01T14:54:34","guid":{"rendered":"https:\/\/www.lekshoppen.se\/?post_type=product&#038;p=497"},"modified":"2024-08-01T16:54:34","modified_gmt":"2024-08-01T14:54:34","slug":"citadel-hobbykniv","status":"publish","type":"product","link":"https:\/\/www.lekshoppen.se\/index.php\/produkt\/citadel-hobbykniv\/","title":{"rendered":"Citadel hobbykniv"},"content":{"rendered":"<p>Hobbykniv med avancerade s\u00e4kerhetsfunktioner. Ergonomiskt, viktat handtag f\u00f6r en stadig k\u00e4nsla. Ger maximal precision och kontroll.<\/p>\n","protected":false},"excerpt":{"rendered":"<p>Citadel hobbykniv<\/p>\n","protected":false},"featured_media":498,"template":"","meta":[],"product_brand":[],"product_cat":[45,38],"product_tag":[],"class_list":{"0":"post-497","1":"product","2":"type-product","3":"status-publish","4":"has-post-thumbnail","6":"product_cat-citadel","7":"product_cat-warhammer","9":"first","10":"instock","11":"shipping-taxable","12":"product-type-simple"},"_links":{"self":[{"href":"https:\/\/www.lekshoppen.se\/index.php\/wp-json\/wp\/v2\/product\/497","targetHints":{"allow":["GET"]}}],"collection":[{"href":"https:\/\/www.lekshoppen.se\/index.php\/wp-json\/wp\/v2\/product"}],"about":[{"href":"https:\/\/www.lekshoppen.se\/index.php\/wp-json\/wp\/v2\/types\/product"}],"wp:featuredmedia":[{"embeddable":true,"href":"https:\/\/www.lekshoppen.se\/index.php\/wp-json\/wp\/v2\/media\/498"}],"wp:attachment":[{"href":"https:\/\/www.lekshoppen.se\/index.php\/wp-json\/wp\/v2\/media?parent=497"}],"wp:term":[{"taxonomy":"product_brand","embeddable":true,"href":"https:\/\/www.lekshoppen.se\/index.php\/wp-json\/wp\/v2\/product_brand?post=497"},{"taxonomy":"product_cat","embeddable":true,"href":"https:\/\/www.lekshoppen.se\/index.php\/wp-json\/wp\/v2\/product_cat?post=497"},{"taxonomy":"product_tag","embeddable":true,"href":"https:\/\/www.lekshoppen.se\/index.php\/wp-json\/wp\/v2\/product_tag?post=497"}],"curies":[{"name":"wp","href":"https:\/\/api.w.org\/{rel}","templated":true}]}}