{"id":493,"date":"2024-08-01T16:11:33","date_gmt":"2024-08-01T14:11:33","guid":{"rendered":"https:\/\/www.lekshoppen.se\/?post_type=product&#038;p=493"},"modified":"2024-08-01T16:11:33","modified_gmt":"2024-08-01T14:11:33","slug":"citadel-avbitare","status":"publish","type":"product","link":"https:\/\/www.lekshoppen.se\/index.php\/produkt\/citadel-avbitare\/","title":{"rendered":"Citadel avbitare"},"content":{"rendered":"<p>Avbitart\u00e5ng utformade f\u00f6r att ta bort plastkomponenter fr\u00e5n ramen av plastfigurer och liknande. L\u00e5nga handtag och gummerat ergonomiskt grepp kr\u00e4ver mindre kraft och minskar tr\u00f6tthet. Ultratunna blad och en j\u00e4mn baksida hj\u00e4lper till att uppn\u00e5 n\u00e4ra och kontrollerade snitt.<\/p>\n","protected":false},"excerpt":{"rendered":"<p>Citadel avbitare<\/p>\n","protected":false},"featured_media":494,"template":"","meta":[],"product_brand":[],"product_cat":[45,38],"product_tag":[],"class_list":{"0":"post-493","1":"product","2":"type-product","3":"status-publish","4":"has-post-thumbnail","6":"product_cat-citadel","7":"product_cat-warhammer","9":"first","10":"instock","11":"shipping-taxable","12":"product-type-simple"},"_links":{"self":[{"href":"https:\/\/www.lekshoppen.se\/index.php\/wp-json\/wp\/v2\/product\/493","targetHints":{"allow":["GET"]}}],"collection":[{"href":"https:\/\/www.lekshoppen.se\/index.php\/wp-json\/wp\/v2\/product"}],"about":[{"href":"https:\/\/www.lekshoppen.se\/index.php\/wp-json\/wp\/v2\/types\/product"}],"wp:featuredmedia":[{"embeddable":true,"href":"https:\/\/www.lekshoppen.se\/index.php\/wp-json\/wp\/v2\/media\/494"}],"wp:attachment":[{"href":"https:\/\/www.lekshoppen.se\/index.php\/wp-json\/wp\/v2\/media?parent=493"}],"wp:term":[{"taxonomy":"product_brand","embeddable":true,"href":"https:\/\/www.lekshoppen.se\/index.php\/wp-json\/wp\/v2\/product_brand?post=493"},{"taxonomy":"product_cat","embeddable":true,"href":"https:\/\/www.lekshoppen.se\/index.php\/wp-json\/wp\/v2\/product_cat?post=493"},{"taxonomy":"product_tag","embeddable":true,"href":"https:\/\/www.lekshoppen.se\/index.php\/wp-json\/wp\/v2\/product_tag?post=493"}],"curies":[{"name":"wp","href":"https:\/\/api.w.org\/{rel}","templated":true}]}}