{"id":445,"date":"2024-07-21T17:52:32","date_gmt":"2024-07-21T15:52:32","guid":{"rendered":"https:\/\/www.lekshoppen.se\/?post_type=product&#038;p=445"},"modified":"2024-07-21T17:52:32","modified_gmt":"2024-07-21T15:52:32","slug":"dooky-mobilhallare","status":"publish","type":"product","link":"https:\/\/www.lekshoppen.se\/index.php\/produkt\/dooky-mobilhallare\/","title":{"rendered":"Dooky mobilh\u00e5llare"},"content":{"rendered":"<p>Med denna praktiska universella mobilh\u00e5llare i silikon kan du placera din telefon p\u00e5 barnvagnens handtag (passar alla modeller och m\u00e4rken). L\u00e4mplig f\u00f6r alla modeller och m\u00e4rken av smartphones (sk\u00e4rmstorlek mellan 4,7&#8243; och 6,9&#8243;). F\u00e4st helt enkelt h\u00e5llaren p\u00e5 bygeln med remmen och placera din telefon i h\u00e5llaren. Silikonet s\u00e4kerst\u00e4ller grepp, f\u00f6rblir s\u00e4kert fixerat utan att repa. \u00c4r flexibel, okrossbar, st\u00f6ts\u00e4ker, 360\u00b0 roterbar. Kan \u00e4ven placeras p\u00e5 st\u00e5ngen p\u00e5 barnstolen. Superpraktiskt n\u00e4r du ska ut och shoppa eller ta en promenad. Perfekt att anv\u00e4nda p\u00e5 en cykel f\u00f6r handsfree-navigering. Den passar nackst\u00f6det p\u00e5 din bil f\u00f6r underh\u00e5llning i baks\u00e4tet.\u00a0 \u00a0 \u00a0 \u00a0 \u00a0 \u00a0 \u00a0 \u00a0 \u00a0 \u00a0 \u00a0 \u00a0 \u00a0 \u00a0 \u00a0 \u00a0 \u00a0 \u00a0 \u00a0 \u00a0 \u00a0 \u00a0 \u00a0 \u00a0 \u00a0 L\u00e4gg den p\u00e5 en kundvagn f\u00f6r enkel \u00e5tkomst till din ink\u00f6pslista. Kan \u00e4ven anv\u00e4ndas f\u00f6r bord eller skrivbord.\u00a0 \u00a0 \u00a0 \u00a0 \u00a0 \u00a0 \u00a0 \u00a0 \u00a0 \u00a0 \u00a0 \u00a0 \u00a0 \u00a0 \u00a0 \u00a0 \u00a0 \u00a0 \u00a0 \u00a0 \u00a0 \u00a0 \u00a0 \u00a0 \u00a0 \u00a0 \u00a0 \u00a0 \u00a0 \u00a0 \u00a0 \u00a0 \u00a0 \u00a0 \u00a0 \u00a0 \u00a0 \u00a0 \u00a0 \u00a0 \u00a0 \u00a0 \u00a0 \u00a0 \u00a0 \u00a0 \u00a0 \u00a0 \u00a0 \u00a0 Observera: Frekvent sk\u00e4rmanv\u00e4ndning kan skada ditt barns utveckling. Hitta en balans mellan sk\u00e4rmtid och lek.<\/p>\n<p>&nbsp;<\/p>\n<p>&nbsp;<\/p>\n<p><iframe loading=\"lazy\" title=\"5728010 Universal phone holder Black video\" width=\"1020\" height=\"574\" src=\"https:\/\/www.youtube.com\/embed\/TCuqAjO8pQo?feature=oembed\" frameborder=\"0\" allow=\"accelerometer; autoplay; clipboard-write; encrypted-media; gyroscope; picture-in-picture; web-share\" referrerpolicy=\"strict-origin-when-cross-origin\" allowfullscreen><\/iframe><\/p>\n","protected":false},"excerpt":{"rendered":"<p>Mobilh\u00e5llare<\/p>\n","protected":false},"featured_media":446,"template":"","meta":[],"product_brand":[],"product_cat":[21,43],"product_tag":[],"class_list":{"0":"post-445","1":"product","2":"type-product","3":"status-publish","4":"has-post-thumbnail","6":"product_cat-baby","7":"product_cat-barnvagnarochtillbehor","9":"first","10":"instock","11":"shipping-taxable","12":"product-type-simple"},"_links":{"self":[{"href":"https:\/\/www.lekshoppen.se\/index.php\/wp-json\/wp\/v2\/product\/445","targetHints":{"allow":["GET"]}}],"collection":[{"href":"https:\/\/www.lekshoppen.se\/index.php\/wp-json\/wp\/v2\/product"}],"about":[{"href":"https:\/\/www.lekshoppen.se\/index.php\/wp-json\/wp\/v2\/types\/product"}],"wp:featuredmedia":[{"embeddable":true,"href":"https:\/\/www.lekshoppen.se\/index.php\/wp-json\/wp\/v2\/media\/446"}],"wp:attachment":[{"href":"https:\/\/www.lekshoppen.se\/index.php\/wp-json\/wp\/v2\/media?parent=445"}],"wp:term":[{"taxonomy":"product_brand","embeddable":true,"href":"https:\/\/www.lekshoppen.se\/index.php\/wp-json\/wp\/v2\/product_brand?post=445"},{"taxonomy":"product_cat","embeddable":true,"href":"https:\/\/www.lekshoppen.se\/index.php\/wp-json\/wp\/v2\/product_cat?post=445"},{"taxonomy":"product_tag","embeddable":true,"href":"https:\/\/www.lekshoppen.se\/index.php\/wp-json\/wp\/v2\/product_tag?post=445"}],"curies":[{"name":"wp","href":"https:\/\/api.w.org\/{rel}","templated":true}]}}