{"id":436,"date":"2024-07-21T17:08:12","date_gmt":"2024-07-21T15:08:12","guid":{"rendered":"https:\/\/www.lekshoppen.se\/?post_type=product&#038;p=436"},"modified":"2024-07-21T17:08:12","modified_gmt":"2024-07-21T15:08:12","slug":"natkasse-till-barnvagn","status":"publish","type":"product","link":"https:\/\/www.lekshoppen.se\/index.php\/produkt\/natkasse-till-barnvagn\/","title":{"rendered":"N\u00e4tkasse till barnvagn"},"content":{"rendered":"<p>Praktisk n\u00e4tkasse som ger mer plast f\u00f6r saker du beh\u00f6ver eller har shoppat. Enkel att f\u00e4sta med kardborrband runt handtaget. Tar liten plats n\u00e4r den inte anv\u00e4nds.<\/p>\n<div class=\"brand-info__text\">\n<p>Svenska Tullsa vill vara med och f\u00f6renkla sm\u00e5barnslivet. Tullsa skapar h\u00f6gkvalitativa barnvagnstillbeh\u00f6r och \u00e4r k\u00e4nda f\u00f6r sin unika design med universal passform f\u00f6r att passar de allra flesta barnvagnar.<\/p>\n<\/div>\n<div><\/div>\n<div><\/div>\n","protected":false},"excerpt":{"rendered":"<p>N\u00e4tkasse.<\/p>\n","protected":false},"featured_media":437,"template":"","meta":[],"product_brand":[],"product_cat":[21,43],"product_tag":[],"class_list":{"0":"post-436","1":"product","2":"type-product","3":"status-publish","4":"has-post-thumbnail","6":"product_cat-baby","7":"product_cat-barnvagnarochtillbehor","9":"first","10":"instock","11":"shipping-taxable","12":"product-type-simple"},"_links":{"self":[{"href":"https:\/\/www.lekshoppen.se\/index.php\/wp-json\/wp\/v2\/product\/436","targetHints":{"allow":["GET"]}}],"collection":[{"href":"https:\/\/www.lekshoppen.se\/index.php\/wp-json\/wp\/v2\/product"}],"about":[{"href":"https:\/\/www.lekshoppen.se\/index.php\/wp-json\/wp\/v2\/types\/product"}],"wp:featuredmedia":[{"embeddable":true,"href":"https:\/\/www.lekshoppen.se\/index.php\/wp-json\/wp\/v2\/media\/437"}],"wp:attachment":[{"href":"https:\/\/www.lekshoppen.se\/index.php\/wp-json\/wp\/v2\/media?parent=436"}],"wp:term":[{"taxonomy":"product_brand","embeddable":true,"href":"https:\/\/www.lekshoppen.se\/index.php\/wp-json\/wp\/v2\/product_brand?post=436"},{"taxonomy":"product_cat","embeddable":true,"href":"https:\/\/www.lekshoppen.se\/index.php\/wp-json\/wp\/v2\/product_cat?post=436"},{"taxonomy":"product_tag","embeddable":true,"href":"https:\/\/www.lekshoppen.se\/index.php\/wp-json\/wp\/v2\/product_tag?post=436"}],"curies":[{"name":"wp","href":"https:\/\/api.w.org\/{rel}","templated":true}]}}