{"id":417,"date":"2024-07-14T18:42:43","date_gmt":"2024-07-14T16:42:43","guid":{"rendered":"https:\/\/www.lekshoppen.se\/?post_type=product&#038;p=417"},"modified":"2024-07-14T18:42:43","modified_gmt":"2024-07-14T16:42:43","slug":"playgro-drive-and-go","status":"publish","type":"product","link":"https:\/\/www.lekshoppen.se\/index.php\/produkt\/playgro-drive-and-go\/","title":{"rendered":"Playgro Drive and go"},"content":{"rendered":"<p>K\u00f6rpanel som g\u00e5r att f\u00e4sta i vagnen med tuta och ljudindikator som stimulerar h\u00f6rselutvecklingen. Kugghjulen och de vridande, snurrande funktionerna stimulerar barnets finmotorik. De texturerade ringarna och prasselljudet\u00a0uppmuntrar till taktil lek. Kardborreband g\u00f6r det enkelt att f\u00e4sta.<\/p>\n<p>Kr\u00e4ver \u00a02 x 1.5v AA. Medf\u00f6ljer.<\/p>\n<p>Rek.\u00e5lder 1+<\/p>\n<p>&nbsp;<\/p>\n","protected":false},"excerpt":{"rendered":"<p>K\u00f6rpanel.<\/p>\n","protected":false},"featured_media":419,"template":"","meta":[],"product_brand":[],"product_cat":[21,36,15],"product_tag":[],"class_list":{"0":"post-417","1":"product","2":"type-product","3":"status-publish","4":"has-post-thumbnail","6":"product_cat-baby","7":"product_cat-babylek","8":"product_cat-leksaker","10":"first","11":"instock","12":"shipping-taxable","13":"product-type-simple"},"_links":{"self":[{"href":"https:\/\/www.lekshoppen.se\/index.php\/wp-json\/wp\/v2\/product\/417","targetHints":{"allow":["GET"]}}],"collection":[{"href":"https:\/\/www.lekshoppen.se\/index.php\/wp-json\/wp\/v2\/product"}],"about":[{"href":"https:\/\/www.lekshoppen.se\/index.php\/wp-json\/wp\/v2\/types\/product"}],"wp:featuredmedia":[{"embeddable":true,"href":"https:\/\/www.lekshoppen.se\/index.php\/wp-json\/wp\/v2\/media\/419"}],"wp:attachment":[{"href":"https:\/\/www.lekshoppen.se\/index.php\/wp-json\/wp\/v2\/media?parent=417"}],"wp:term":[{"taxonomy":"product_brand","embeddable":true,"href":"https:\/\/www.lekshoppen.se\/index.php\/wp-json\/wp\/v2\/product_brand?post=417"},{"taxonomy":"product_cat","embeddable":true,"href":"https:\/\/www.lekshoppen.se\/index.php\/wp-json\/wp\/v2\/product_cat?post=417"},{"taxonomy":"product_tag","embeddable":true,"href":"https:\/\/www.lekshoppen.se\/index.php\/wp-json\/wp\/v2\/product_tag?post=417"}],"curies":[{"name":"wp","href":"https:\/\/api.w.org\/{rel}","templated":true}]}}