{"id":411,"date":"2024-07-14T18:16:11","date_gmt":"2024-07-14T16:16:11","guid":{"rendered":"https:\/\/www.lekshoppen.se\/?post_type=product&#038;p=411"},"modified":"2024-07-14T18:16:11","modified_gmt":"2024-07-14T16:16:11","slug":"playgro-aktivitets-piano","status":"publish","type":"product","link":"https:\/\/www.lekshoppen.se\/index.php\/produkt\/playgro-aktivitets-piano\/","title":{"rendered":"Playgro Aktivitets piano"},"content":{"rendered":"<div>Groove och Move! Aktivitetsleksaken Lion Activity \u00e4r en musikalisk leksak med massor av inl\u00e4rningsaktiviteter. Tryck p\u00e5 de stora knapparna f\u00f6r att spela musik och se lamporna blinka i takt. Underh\u00e5ller barnet n\u00e4r du \u00e4r p\u00e5 spr\u00e5ng. S\u00e4tt fast pianot i spj\u00e4ls\u00e4ngen s\u00e5 kan barnet sparka p\u00e5 tangenterna f\u00f6r ljud, ljus och musik. 20 olika melodier.<\/div>\n<div>Kr\u00e4ver 3&#215;1,5V AA. ing\u00e5r<\/div>\n<div><\/div>\n<div>Rek.\u00e5lder 1-3 \u00e5r.<\/div>\n","protected":false},"excerpt":{"rendered":"<p>Aktivitets piano<\/p>\n","protected":false},"featured_media":412,"template":"","meta":[],"product_brand":[],"product_cat":[21,36,15],"product_tag":[],"class_list":{"0":"post-411","1":"product","2":"type-product","3":"status-publish","4":"has-post-thumbnail","6":"product_cat-baby","7":"product_cat-babylek","8":"product_cat-leksaker","10":"first","11":"instock","12":"shipping-taxable","13":"product-type-simple"},"_links":{"self":[{"href":"https:\/\/www.lekshoppen.se\/index.php\/wp-json\/wp\/v2\/product\/411","targetHints":{"allow":["GET"]}}],"collection":[{"href":"https:\/\/www.lekshoppen.se\/index.php\/wp-json\/wp\/v2\/product"}],"about":[{"href":"https:\/\/www.lekshoppen.se\/index.php\/wp-json\/wp\/v2\/types\/product"}],"wp:featuredmedia":[{"embeddable":true,"href":"https:\/\/www.lekshoppen.se\/index.php\/wp-json\/wp\/v2\/media\/412"}],"wp:attachment":[{"href":"https:\/\/www.lekshoppen.se\/index.php\/wp-json\/wp\/v2\/media?parent=411"}],"wp:term":[{"taxonomy":"product_brand","embeddable":true,"href":"https:\/\/www.lekshoppen.se\/index.php\/wp-json\/wp\/v2\/product_brand?post=411"},{"taxonomy":"product_cat","embeddable":true,"href":"https:\/\/www.lekshoppen.se\/index.php\/wp-json\/wp\/v2\/product_cat?post=411"},{"taxonomy":"product_tag","embeddable":true,"href":"https:\/\/www.lekshoppen.se\/index.php\/wp-json\/wp\/v2\/product_tag?post=411"}],"curies":[{"name":"wp","href":"https:\/\/api.w.org\/{rel}","templated":true}]}}