{"id":404,"date":"2024-07-14T17:42:39","date_gmt":"2024-07-14T15:42:39","guid":{"rendered":"https:\/\/www.lekshoppen.se\/?post_type=product&#038;p=404"},"modified":"2024-07-14T17:42:39","modified_gmt":"2024-07-14T15:42:39","slug":"playgro-bygg-och-lek-dinosaurier","status":"publish","type":"product","link":"https:\/\/www.lekshoppen.se\/index.php\/produkt\/playgro-bygg-och-lek-dinosaurier\/","title":{"rendered":"Playgro Bygg och lek dinosaurier"},"content":{"rendered":"<p>F\u00e4rgglada dinosaurier som barnet kan dela och bygga ihop som man vill. De kan ocks\u00e5 f\u00e5 f\u00f6lja med i badet.<\/p>\n<p>Vetenskap: Att bygga och sortera engagerar kognitivt t\u00e4nkande.<br \/>\nTeknik: Att manipulera delar st\u00f6der utvecklingen av motoriska f\u00e4rdigheter.<br \/>\nKonst: Rollspel st\u00f6der social interaktion och spr\u00e5kutveckling.<br \/>\nMatematik: Blandning och matchning introducerar begrepp som ordning, sekvens och relation.<\/p>\n<p>Rek.\u00e5ldder 1+<\/p>\n","protected":false},"excerpt":{"rendered":"<p>Bygg och lek.<\/p>\n","protected":false},"featured_media":405,"template":"","meta":[],"product_brand":[],"product_cat":[21,36,15],"product_tag":[],"class_list":{"0":"post-404","1":"product","2":"type-product","3":"status-publish","4":"has-post-thumbnail","6":"product_cat-baby","7":"product_cat-babylek","8":"product_cat-leksaker","10":"first","11":"instock","12":"shipping-taxable","13":"product-type-simple"},"_links":{"self":[{"href":"https:\/\/www.lekshoppen.se\/index.php\/wp-json\/wp\/v2\/product\/404","targetHints":{"allow":["GET"]}}],"collection":[{"href":"https:\/\/www.lekshoppen.se\/index.php\/wp-json\/wp\/v2\/product"}],"about":[{"href":"https:\/\/www.lekshoppen.se\/index.php\/wp-json\/wp\/v2\/types\/product"}],"wp:featuredmedia":[{"embeddable":true,"href":"https:\/\/www.lekshoppen.se\/index.php\/wp-json\/wp\/v2\/media\/405"}],"wp:attachment":[{"href":"https:\/\/www.lekshoppen.se\/index.php\/wp-json\/wp\/v2\/media?parent=404"}],"wp:term":[{"taxonomy":"product_brand","embeddable":true,"href":"https:\/\/www.lekshoppen.se\/index.php\/wp-json\/wp\/v2\/product_brand?post=404"},{"taxonomy":"product_cat","embeddable":true,"href":"https:\/\/www.lekshoppen.se\/index.php\/wp-json\/wp\/v2\/product_cat?post=404"},{"taxonomy":"product_tag","embeddable":true,"href":"https:\/\/www.lekshoppen.se\/index.php\/wp-json\/wp\/v2\/product_tag?post=404"}],"curies":[{"name":"wp","href":"https:\/\/api.w.org\/{rel}","templated":true}]}}