{"id":387,"date":"2024-07-11T19:05:41","date_gmt":"2024-07-11T17:05:41","guid":{"rendered":"https:\/\/www.lekshoppen.se\/?post_type=product&#038;p=387"},"modified":"2024-08-22T18:19:29","modified_gmt":"2024-08-22T16:19:29","slug":"d-i-y-farglaggning","status":"publish","type":"product","link":"https:\/\/www.lekshoppen.se\/index.php\/produkt\/d-i-y-farglaggning\/","title":{"rendered":"D.I.Y F\u00e4rgl\u00e4ggning"},"content":{"rendered":"<p>Om du vill l\u00e4ra dig f\u00e4rgl\u00e4gga med alkoholbaserade tuschpennor \u00e4r detta Start DIY-kit perfekt. Du f\u00e5r de grundl\u00e4ggande kunskaperna f\u00f6r att v\u00e5ga dig p\u00e5 egna ritprojekt. Experimentera med f\u00e4rger och linje tjocklekar. Testa dig fram tills du blir n\u00f6jd.<\/p>\n<p>Passar nyb\u00f6rjare i alla \u00e5ldrar.<\/p>\n<p>&nbsp;<\/p>\n","protected":false},"excerpt":{"rendered":"<p>D.I.Y f\u00e4rgl\u00e4ggning.<\/p>\n","protected":false},"featured_media":388,"template":"","meta":[],"product_brand":[],"product_cat":[42,22,49,50],"product_tag":[],"class_list":{"0":"post-387","1":"product","2":"type-product","3":"status-publish","4":"has-post-thumbnail","6":"product_cat-d-i-ykit","7":"product_cat-hobby","8":"product_cat-hobbyjunior","9":"product_cat-ritamala","11":"first","12":"instock","13":"shipping-taxable","14":"product-type-simple"},"_links":{"self":[{"href":"https:\/\/www.lekshoppen.se\/index.php\/wp-json\/wp\/v2\/product\/387","targetHints":{"allow":["GET"]}}],"collection":[{"href":"https:\/\/www.lekshoppen.se\/index.php\/wp-json\/wp\/v2\/product"}],"about":[{"href":"https:\/\/www.lekshoppen.se\/index.php\/wp-json\/wp\/v2\/types\/product"}],"wp:featuredmedia":[{"embeddable":true,"href":"https:\/\/www.lekshoppen.se\/index.php\/wp-json\/wp\/v2\/media\/388"}],"wp:attachment":[{"href":"https:\/\/www.lekshoppen.se\/index.php\/wp-json\/wp\/v2\/media?parent=387"}],"wp:term":[{"taxonomy":"product_brand","embeddable":true,"href":"https:\/\/www.lekshoppen.se\/index.php\/wp-json\/wp\/v2\/product_brand?post=387"},{"taxonomy":"product_cat","embeddable":true,"href":"https:\/\/www.lekshoppen.se\/index.php\/wp-json\/wp\/v2\/product_cat?post=387"},{"taxonomy":"product_tag","embeddable":true,"href":"https:\/\/www.lekshoppen.se\/index.php\/wp-json\/wp\/v2\/product_tag?post=387"}],"curies":[{"name":"wp","href":"https:\/\/api.w.org\/{rel}","templated":true}]}}