{"id":382,"date":"2024-07-11T18:46:53","date_gmt":"2024-07-11T16:46:53","guid":{"rendered":"https:\/\/www.lekshoppen.se\/?post_type=product&#038;p=382"},"modified":"2024-08-22T18:16:47","modified_gmt":"2024-08-22T16:16:47","slug":"d-i-y-krympplast-smycken","status":"publish","type":"product","link":"https:\/\/www.lekshoppen.se\/index.php\/produkt\/d-i-y-krympplast-smycken\/","title":{"rendered":"D.I.Y Krympplast smycken"},"content":{"rendered":"<p>Krympplast \u00e4r roligt f\u00f6r b\u00e5de barn och vuxna. Detta kit ger dig allt du beh\u00f6ver f\u00f6r att g\u00f6ra fina och roliga smycken.<\/p>\n<p>Rek. \u00e5lder 8+<\/p>\n<div style=\"width: 960px;\" class=\"wp-video\"><video class=\"wp-video-shortcode\" id=\"video-382-1\" width=\"960\" height=\"540\" preload=\"metadata\" controls=\"controls\"><source type=\"video\/mp4\" src=\"https:\/\/www.lekshoppen.se\/wp-content\/uploads\/2024\/07\/inspiration_\u2013_colourful_shrink_plastic_jewellery-540p.mp4?_=1\" \/><a href=\"https:\/\/www.lekshoppen.se\/wp-content\/uploads\/2024\/07\/inspiration_\u2013_colourful_shrink_plastic_jewellery-540p.mp4\">https:\/\/www.lekshoppen.se\/wp-content\/uploads\/2024\/07\/inspiration_\u2013_colourful_shrink_plastic_jewellery-540p.mp4<\/a><\/video><\/div>\n","protected":false},"excerpt":{"rendered":"<p>Smycken av krympplast.<\/p>\n","protected":false},"featured_media":383,"template":"","meta":[],"product_brand":[],"product_cat":[42,22,49,18,50],"product_tag":[],"class_list":{"0":"post-382","1":"product","2":"type-product","3":"status-publish","4":"has-post-thumbnail","6":"product_cat-d-i-ykit","7":"product_cat-hobby","8":"product_cat-hobbyjunior","9":"product_cat-populart","10":"product_cat-ritamala","12":"first","13":"instock","14":"shipping-taxable","15":"product-type-simple"},"_links":{"self":[{"href":"https:\/\/www.lekshoppen.se\/index.php\/wp-json\/wp\/v2\/product\/382","targetHints":{"allow":["GET"]}}],"collection":[{"href":"https:\/\/www.lekshoppen.se\/index.php\/wp-json\/wp\/v2\/product"}],"about":[{"href":"https:\/\/www.lekshoppen.se\/index.php\/wp-json\/wp\/v2\/types\/product"}],"wp:featuredmedia":[{"embeddable":true,"href":"https:\/\/www.lekshoppen.se\/index.php\/wp-json\/wp\/v2\/media\/383"}],"wp:attachment":[{"href":"https:\/\/www.lekshoppen.se\/index.php\/wp-json\/wp\/v2\/media?parent=382"}],"wp:term":[{"taxonomy":"product_brand","embeddable":true,"href":"https:\/\/www.lekshoppen.se\/index.php\/wp-json\/wp\/v2\/product_brand?post=382"},{"taxonomy":"product_cat","embeddable":true,"href":"https:\/\/www.lekshoppen.se\/index.php\/wp-json\/wp\/v2\/product_cat?post=382"},{"taxonomy":"product_tag","embeddable":true,"href":"https:\/\/www.lekshoppen.se\/index.php\/wp-json\/wp\/v2\/product_tag?post=382"}],"curies":[{"name":"wp","href":"https:\/\/api.w.org\/{rel}","templated":true}]}}