{"id":377,"date":"2024-07-11T18:30:44","date_gmt":"2024-07-11T16:30:44","guid":{"rendered":"https:\/\/www.lekshoppen.se\/?post_type=product&#038;p=377"},"modified":"2024-07-14T16:51:42","modified_gmt":"2024-07-14T14:51:42","slug":"d-i-y-makrame-nyckelringar","status":"publish","type":"product","link":"https:\/\/www.lekshoppen.se\/index.php\/produkt\/d-i-y-makrame-nyckelringar\/","title":{"rendered":"D.I.Y Makram\u00e9 Nyckelringar"},"content":{"rendered":"<p>Makram\u00e9 \u00e4r roligt att h\u00e5lla p\u00e5 med. I detta kit g\u00f6r du nyckelringar. S\u00e4tt fast nyckeln eller dekorera v\u00e4skan.<\/p>\n<p>Ingen rekommenderad \u00e5lder, Kitet \u00e4r medelsv\u00e5rt men fr\u00e5n ca 8+ borde man kunna fixa detta.<\/p>\n<div style=\"width: 960px;\" class=\"wp-video\"><video class=\"wp-video-shortcode\" id=\"video-377-1\" width=\"960\" height=\"540\" preload=\"metadata\" controls=\"controls\"><source type=\"video\/mp4\" src=\"https:\/\/www.lekshoppen.se\/wp-content\/uploads\/2024\/07\/inspiration_\u2013_diy_macrame_keychains-540p.mp4?_=1\" \/><a href=\"https:\/\/www.lekshoppen.se\/wp-content\/uploads\/2024\/07\/inspiration_\u2013_diy_macrame_keychains-540p.mp4\">https:\/\/www.lekshoppen.se\/wp-content\/uploads\/2024\/07\/inspiration_\u2013_diy_macrame_keychains-540p.mp4<\/a><\/video><\/div>\n","protected":false},"excerpt":{"rendered":"<p>Makram\u00e9 nyckelringar.<\/p>\n","protected":false},"featured_media":378,"template":"","meta":[],"product_brand":[],"product_cat":[42,22,18],"product_tag":[],"class_list":{"0":"post-377","1":"product","2":"type-product","3":"status-publish","4":"has-post-thumbnail","6":"product_cat-d-i-ykit","7":"product_cat-hobby","8":"product_cat-populart","10":"first","11":"instock","12":"shipping-taxable","13":"product-type-simple"},"_links":{"self":[{"href":"https:\/\/www.lekshoppen.se\/index.php\/wp-json\/wp\/v2\/product\/377","targetHints":{"allow":["GET"]}}],"collection":[{"href":"https:\/\/www.lekshoppen.se\/index.php\/wp-json\/wp\/v2\/product"}],"about":[{"href":"https:\/\/www.lekshoppen.se\/index.php\/wp-json\/wp\/v2\/types\/product"}],"wp:featuredmedia":[{"embeddable":true,"href":"https:\/\/www.lekshoppen.se\/index.php\/wp-json\/wp\/v2\/media\/378"}],"wp:attachment":[{"href":"https:\/\/www.lekshoppen.se\/index.php\/wp-json\/wp\/v2\/media?parent=377"}],"wp:term":[{"taxonomy":"product_brand","embeddable":true,"href":"https:\/\/www.lekshoppen.se\/index.php\/wp-json\/wp\/v2\/product_brand?post=377"},{"taxonomy":"product_cat","embeddable":true,"href":"https:\/\/www.lekshoppen.se\/index.php\/wp-json\/wp\/v2\/product_cat?post=377"},{"taxonomy":"product_tag","embeddable":true,"href":"https:\/\/www.lekshoppen.se\/index.php\/wp-json\/wp\/v2\/product_tag?post=377"}],"curies":[{"name":"wp","href":"https:\/\/api.w.org\/{rel}","templated":true}]}}