{"id":372,"date":"2024-07-11T18:04:27","date_gmt":"2024-07-11T16:04:27","guid":{"rendered":"https:\/\/www.lekshoppen.se\/?post_type=product&#038;p=372"},"modified":"2024-07-11T18:04:27","modified_gmt":"2024-07-11T16:04:27","slug":"d-i-y-kumihimo","status":"publish","type":"product","link":"https:\/\/www.lekshoppen.se\/index.php\/produkt\/d-i-y-kumihimo\/","title":{"rendered":"D.I.Y Kumihimo"},"content":{"rendered":"<p>Kumihimo \u00e4r en gamla japansk fl\u00e4tteknik. G\u00f6r fina armband eller mini nyckelringar. L\u00e4r dig tekniken och du kan skapa dina egna unika accessoarer. Vad du \u00e4n v\u00e4ljer att g\u00f6ra \u00e4r detta kit perfekt f\u00f6r dig som vill l\u00e4ra dig den japanska fl\u00e4ttekniken Kumihimo.<\/p>\n<p>Rek.\u00e5lder 8+<\/p>\n<div style=\"width: 960px;\" class=\"wp-video\"><video class=\"wp-video-shortcode\" id=\"video-372-1\" width=\"960\" height=\"540\" preload=\"metadata\" controls=\"controls\"><source type=\"video\/mp4\" src=\"https:\/\/www.lekshoppen.se\/wp-content\/uploads\/2024\/07\/braid_your_own_kumihimo_accessories-540p.mp4?_=1\" \/><a href=\"https:\/\/www.lekshoppen.se\/wp-content\/uploads\/2024\/07\/braid_your_own_kumihimo_accessories-540p.mp4\">https:\/\/www.lekshoppen.se\/wp-content\/uploads\/2024\/07\/braid_your_own_kumihimo_accessories-540p.mp4<\/a><\/video><\/div>\n","protected":false},"excerpt":{"rendered":"<p>Kumihimo, japansk fl\u00e4tteknik.<\/p>\n","protected":false},"featured_media":373,"template":"","meta":[],"product_brand":[],"product_cat":[42,22],"product_tag":[],"class_list":{"0":"post-372","1":"product","2":"type-product","3":"status-publish","4":"has-post-thumbnail","6":"product_cat-d-i-ykit","7":"product_cat-hobby","9":"first","10":"instock","11":"shipping-taxable","12":"product-type-simple"},"_links":{"self":[{"href":"https:\/\/www.lekshoppen.se\/index.php\/wp-json\/wp\/v2\/product\/372","targetHints":{"allow":["GET"]}}],"collection":[{"href":"https:\/\/www.lekshoppen.se\/index.php\/wp-json\/wp\/v2\/product"}],"about":[{"href":"https:\/\/www.lekshoppen.se\/index.php\/wp-json\/wp\/v2\/types\/product"}],"wp:featuredmedia":[{"embeddable":true,"href":"https:\/\/www.lekshoppen.se\/index.php\/wp-json\/wp\/v2\/media\/373"}],"wp:attachment":[{"href":"https:\/\/www.lekshoppen.se\/index.php\/wp-json\/wp\/v2\/media?parent=372"}],"wp:term":[{"taxonomy":"product_brand","embeddable":true,"href":"https:\/\/www.lekshoppen.se\/index.php\/wp-json\/wp\/v2\/product_brand?post=372"},{"taxonomy":"product_cat","embeddable":true,"href":"https:\/\/www.lekshoppen.se\/index.php\/wp-json\/wp\/v2\/product_cat?post=372"},{"taxonomy":"product_tag","embeddable":true,"href":"https:\/\/www.lekshoppen.se\/index.php\/wp-json\/wp\/v2\/product_tag?post=372"}],"curies":[{"name":"wp","href":"https:\/\/api.w.org\/{rel}","templated":true}]}}