{"id":340,"date":"2024-07-07T22:02:56","date_gmt":"2024-07-07T20:02:56","guid":{"rendered":"https:\/\/www.lekshoppen.se\/?post_type=product&#038;p=340"},"modified":"2025-10-22T14:48:30","modified_gmt":"2025-10-22T12:48:30","slug":"3ds-animal-crossing-new-leaf-welcome-amiibo","status":"publish","type":"product","link":"https:\/\/www.lekshoppen.se\/index.php\/produkt\/3ds-animal-crossing-new-leaf-welcome-amiibo\/","title":{"rendered":"3DS Animal Crossing: New Leaf &#8211; Welcome Amiibo"},"content":{"rendered":"<p>Animal Crossing: New Leaf \u00e4r inget traditionellt spel i den meningen att du ska utf\u00f6ra uppdrag, t\u00e4vla mot klockan eller klara niv\u00e5er. Du blir inv\u00e5nare i en stad med djur och d\u00e4r tiden \u00e4r densamma som i verkligheten (gl\u00f6m inte att spela p\u00e5 h\u00f6gtider som p\u00e5sk och ny\u00e5rsafton f\u00f6r att se vad som h\u00e4nder i din by). Den tankspridda sekreteraren\u00a0 gjorde en f\u00f6rv\u00e4xling och pl\u00f6tsligt\u00a0 blir DU stadens borgm\u00e4stare! Som borgm\u00e4stare tar du beslut om att bygga upp byn och du kan till och med stifta nya lagar! Men du kan ocks\u00e5 bara ta det lugnt och g\u00f6ra vad du vill om du ledsnar p\u00e5 ansvaret.<\/p>\n<p>Passar alla \u00e5ldrar.<\/p>\n<p>Barnspel, underh\u00e5llning, virtuellt liv<\/p>\n","protected":false},"excerpt":{"rendered":"<p>Barnspel. Virtuellt liv.<\/p>\n","protected":false},"featured_media":341,"template":"","meta":[],"product_brand":[],"product_cat":[41,24,39,29],"product_tag":[],"class_list":{"0":"post-340","1":"product","2":"type-product","3":"status-publish","4":"has-post-thumbnail","6":"product_cat-3dsspel","7":"product_cat-kampanjer","8":"product_cat-nintendo","9":"product_cat-spel","11":"first","12":"instock","13":"sale","14":"shipping-taxable","15":"purchasable","16":"product-type-simple"},"_links":{"self":[{"href":"https:\/\/www.lekshoppen.se\/index.php\/wp-json\/wp\/v2\/product\/340","targetHints":{"allow":["GET"]}}],"collection":[{"href":"https:\/\/www.lekshoppen.se\/index.php\/wp-json\/wp\/v2\/product"}],"about":[{"href":"https:\/\/www.lekshoppen.se\/index.php\/wp-json\/wp\/v2\/types\/product"}],"wp:featuredmedia":[{"embeddable":true,"href":"https:\/\/www.lekshoppen.se\/index.php\/wp-json\/wp\/v2\/media\/341"}],"wp:attachment":[{"href":"https:\/\/www.lekshoppen.se\/index.php\/wp-json\/wp\/v2\/media?parent=340"}],"wp:term":[{"taxonomy":"product_brand","embeddable":true,"href":"https:\/\/www.lekshoppen.se\/index.php\/wp-json\/wp\/v2\/product_brand?post=340"},{"taxonomy":"product_cat","embeddable":true,"href":"https:\/\/www.lekshoppen.se\/index.php\/wp-json\/wp\/v2\/product_cat?post=340"},{"taxonomy":"product_tag","embeddable":true,"href":"https:\/\/www.lekshoppen.se\/index.php\/wp-json\/wp\/v2\/product_tag?post=340"}],"curies":[{"name":"wp","href":"https:\/\/api.w.org\/{rel}","templated":true}]}}