{"id":325,"date":"2024-07-07T18:30:55","date_gmt":"2024-07-07T16:30:55","guid":{"rendered":"https:\/\/www.lekshoppen.se\/?post_type=product&#038;p=325"},"modified":"2024-07-11T12:04:34","modified_gmt":"2024-07-11T10:04:34","slug":"fashion-dreamer","status":"publish","type":"product","link":"https:\/\/www.lekshoppen.se\/index.php\/produkt\/fashion-dreamer\/","title":{"rendered":"Fashion Dreamer"},"content":{"rendered":"<p>Gillar du mode och skapa saker? D\u00e5 \u00e4r detta spel n\u00e5got f\u00f6r dig! Ditt nya liv som mode-influencer v\u00e4ntar p\u00e5 dig. Med hj\u00e4lp av din avatar skapar du dina egna ikoniska stilar, allt fr\u00e5n mysiga vardagskl\u00e4der till chic couture. I spelet har du \u00f6ver 1400 f\u00f6rem\u00e5l som du kan l\u00e5sa upp! B\u00e5de kl\u00e4der och accessoarer, samt ett brett utbud av f\u00e4rgkombinationer. En hel modev\u00e4rld ligger f\u00f6r dina f\u00f6tter!<\/p>\n<p>Antal spelare: 1. Passar alla \u00e5ldrar<\/p>\n<p>Lifestyle spel<\/p>\n<p><iframe loading=\"lazy\" title=\"Fashion Dreamer - Launch Trailer (Nintendo Switch)\" width=\"1020\" height=\"574\" src=\"https:\/\/www.youtube.com\/embed\/xn7mL3LYELw?list=PLIG9azomqcZPXQc2M_G76lLo1cVXpospt\" frameborder=\"0\" allow=\"accelerometer; autoplay; clipboard-write; encrypted-media; gyroscope; picture-in-picture; web-share\" referrerpolicy=\"strict-origin-when-cross-origin\" allowfullscreen><\/iframe><\/p>\n","protected":false},"excerpt":{"rendered":"<p>Bli en ikonisk mode-influencer!<\/p>\n","protected":false},"featured_media":326,"template":"","meta":[],"product_brand":[],"product_cat":[39,29,40],"product_tag":[],"class_list":{"0":"post-325","1":"product","2":"type-product","3":"status-publish","4":"has-post-thumbnail","6":"product_cat-nintendo","7":"product_cat-spel","8":"product_cat-switchspel","10":"first","11":"instock","12":"shipping-taxable","13":"product-type-simple"},"_links":{"self":[{"href":"https:\/\/www.lekshoppen.se\/index.php\/wp-json\/wp\/v2\/product\/325","targetHints":{"allow":["GET"]}}],"collection":[{"href":"https:\/\/www.lekshoppen.se\/index.php\/wp-json\/wp\/v2\/product"}],"about":[{"href":"https:\/\/www.lekshoppen.se\/index.php\/wp-json\/wp\/v2\/types\/product"}],"wp:featuredmedia":[{"embeddable":true,"href":"https:\/\/www.lekshoppen.se\/index.php\/wp-json\/wp\/v2\/media\/326"}],"wp:attachment":[{"href":"https:\/\/www.lekshoppen.se\/index.php\/wp-json\/wp\/v2\/media?parent=325"}],"wp:term":[{"taxonomy":"product_brand","embeddable":true,"href":"https:\/\/www.lekshoppen.se\/index.php\/wp-json\/wp\/v2\/product_brand?post=325"},{"taxonomy":"product_cat","embeddable":true,"href":"https:\/\/www.lekshoppen.se\/index.php\/wp-json\/wp\/v2\/product_cat?post=325"},{"taxonomy":"product_tag","embeddable":true,"href":"https:\/\/www.lekshoppen.se\/index.php\/wp-json\/wp\/v2\/product_tag?post=325"}],"curies":[{"name":"wp","href":"https:\/\/api.w.org\/{rel}","templated":true}]}}