{"id":301,"date":"2024-07-07T17:16:22","date_gmt":"2024-07-07T15:16:22","guid":{"rendered":"https:\/\/www.lekshoppen.se\/?post_type=product&#038;p=301"},"modified":"2024-07-11T12:05:18","modified_gmt":"2024-07-11T10:05:18","slug":"mario-vs-donkey-kong","status":"publish","type":"product","link":"https:\/\/www.lekshoppen.se\/index.php\/produkt\/mario-vs-donkey-kong\/","title":{"rendered":"Mario vs. Donkey Kong"},"content":{"rendered":"<p>I detta spel f\u00e5r du testa dina slutledningsf\u00f6rm\u00e5gor, pussel- och plattformskunskaper.\u00a0 Donkey Kong har brutit sig in i leksaksfabriken f\u00f6r han vill ha de nya mini Mario leksakerna som \u00e4r sluts\u00e5ld i alla aff\u00e4rer. Nu \u00e4r det upp till Mario att f\u00e5 tag p\u00e5 Donkey Kong och ta tillbaka alla leksaker.<\/p>\n<p>Unders\u00f6k din omgivning noga, f\u00f6r att ta reda p\u00e5 den b\u00e4sta v\u00e4gen och \u00e5terst\u00e4lla var och en av de stulna leksakerna.<\/p>\n<p>Antal spelare: upp till 2st.<\/p>\n<p>Action, pusselspel. Passar alla \u00e5ldrar.<\/p>\n<p><iframe loading=\"lazy\" title=\"Mario vs. Donkey Kong - Overview Trailer (Nintendo Switch)\" width=\"1020\" height=\"574\" src=\"https:\/\/www.youtube.com\/embed\/PcT1r4t1MnE?feature=oembed\" frameborder=\"0\" allow=\"accelerometer; autoplay; clipboard-write; encrypted-media; gyroscope; picture-in-picture; web-share\" referrerpolicy=\"strict-origin-when-cross-origin\" allowfullscreen><\/iframe><\/p>\n","protected":false},"excerpt":{"rendered":"<p>Action, pusselspel.<\/p>\n","protected":false},"featured_media":302,"template":"","meta":[],"product_brand":[],"product_cat":[39,29,40],"product_tag":[],"class_list":{"0":"post-301","1":"product","2":"type-product","3":"status-publish","4":"has-post-thumbnail","6":"product_cat-nintendo","7":"product_cat-spel","8":"product_cat-switchspel","10":"first","11":"instock","12":"shipping-taxable","13":"product-type-simple"},"_links":{"self":[{"href":"https:\/\/www.lekshoppen.se\/index.php\/wp-json\/wp\/v2\/product\/301","targetHints":{"allow":["GET"]}}],"collection":[{"href":"https:\/\/www.lekshoppen.se\/index.php\/wp-json\/wp\/v2\/product"}],"about":[{"href":"https:\/\/www.lekshoppen.se\/index.php\/wp-json\/wp\/v2\/types\/product"}],"wp:featuredmedia":[{"embeddable":true,"href":"https:\/\/www.lekshoppen.se\/index.php\/wp-json\/wp\/v2\/media\/302"}],"wp:attachment":[{"href":"https:\/\/www.lekshoppen.se\/index.php\/wp-json\/wp\/v2\/media?parent=301"}],"wp:term":[{"taxonomy":"product_brand","embeddable":true,"href":"https:\/\/www.lekshoppen.se\/index.php\/wp-json\/wp\/v2\/product_brand?post=301"},{"taxonomy":"product_cat","embeddable":true,"href":"https:\/\/www.lekshoppen.se\/index.php\/wp-json\/wp\/v2\/product_cat?post=301"},{"taxonomy":"product_tag","embeddable":true,"href":"https:\/\/www.lekshoppen.se\/index.php\/wp-json\/wp\/v2\/product_tag?post=301"}],"curies":[{"name":"wp","href":"https:\/\/api.w.org\/{rel}","templated":true}]}}