{"id":289,"date":"2024-07-07T15:13:15","date_gmt":"2024-07-07T13:13:15","guid":{"rendered":"https:\/\/www.lekshoppen.se\/?post_type=product&#038;p=289"},"modified":"2024-07-11T12:03:20","modified_gmt":"2024-07-11T10:03:20","slug":"paper-mario-the-thousand-year-door","status":"publish","type":"product","link":"https:\/\/www.lekshoppen.se\/index.php\/produkt\/paper-mario-the-thousand-year-door\/","title":{"rendered":"Paper Mario: The Thousand-Year Door"},"content":{"rendered":"<p>Mario har blivit tillfr\u00e5gad att hj\u00e4lpa prinsessan Peach p\u00e5 en skattjakt d\u00e5 han far till staden Rogueport. Men n\u00e4r han kommer fram \u00e4r Peach borta! Kommer Mario hitta de mystiska skatterna, Kristallstj\u00e4rnorna och Peach efter v\u00e4gen?<\/p>\n<p>Naturligtvis \u00e4r det fler som som \u00e4r intresserade att hitta Kristallstj\u00e4rnorna. Mario f\u00e5r se upp f\u00f6r Bowser och andra som st\u00e4ller till med problem under skattjakten. Kommer v\u00e5r hj\u00e4lte hitta skatterna, \u00f6ppna tusen\u00e5rsd\u00f6rren och r\u00e4dda v\u00e4rlden?<\/p>\n<p>Antal spelare: 1<\/p>\n<p>\u00c4ventyrsspel. Rek.\u00e5lder 7+<\/p>\n<p><iframe loading=\"lazy\" title=\"Paper Mario: The Thousand-Year Door - Overview Trailer (Nintendo Switch)\" width=\"1020\" height=\"574\" src=\"https:\/\/www.youtube.com\/embed\/78Ji_F2u19E?feature=oembed\" frameborder=\"0\" allow=\"accelerometer; autoplay; clipboard-write; encrypted-media; gyroscope; picture-in-picture; web-share\" referrerpolicy=\"strict-origin-when-cross-origin\" allowfullscreen><\/iframe><\/p>\n","protected":false},"excerpt":{"rendered":"<p>Mario i jakten p\u00e5 Kristall-stj\u00e4rnorna!<\/p>\n","protected":false},"featured_media":332,"template":"","meta":[],"product_brand":[],"product_cat":[39,29,40],"product_tag":[],"class_list":{"0":"post-289","1":"product","2":"type-product","3":"status-publish","4":"has-post-thumbnail","6":"product_cat-nintendo","7":"product_cat-spel","8":"product_cat-switchspel","10":"first","11":"instock","12":"shipping-taxable","13":"product-type-simple"},"_links":{"self":[{"href":"https:\/\/www.lekshoppen.se\/index.php\/wp-json\/wp\/v2\/product\/289","targetHints":{"allow":["GET"]}}],"collection":[{"href":"https:\/\/www.lekshoppen.se\/index.php\/wp-json\/wp\/v2\/product"}],"about":[{"href":"https:\/\/www.lekshoppen.se\/index.php\/wp-json\/wp\/v2\/types\/product"}],"wp:featuredmedia":[{"embeddable":true,"href":"https:\/\/www.lekshoppen.se\/index.php\/wp-json\/wp\/v2\/media\/332"}],"wp:attachment":[{"href":"https:\/\/www.lekshoppen.se\/index.php\/wp-json\/wp\/v2\/media?parent=289"}],"wp:term":[{"taxonomy":"product_brand","embeddable":true,"href":"https:\/\/www.lekshoppen.se\/index.php\/wp-json\/wp\/v2\/product_brand?post=289"},{"taxonomy":"product_cat","embeddable":true,"href":"https:\/\/www.lekshoppen.se\/index.php\/wp-json\/wp\/v2\/product_cat?post=289"},{"taxonomy":"product_tag","embeddable":true,"href":"https:\/\/www.lekshoppen.se\/index.php\/wp-json\/wp\/v2\/product_tag?post=289"}],"curies":[{"name":"wp","href":"https:\/\/api.w.org\/{rel}","templated":true}]}}