{"id":283,"date":"2024-07-07T14:45:25","date_gmt":"2024-07-07T12:45:25","guid":{"rendered":"https:\/\/www.lekshoppen.se\/?post_type=product&#038;p=283"},"modified":"2024-08-01T21:28:42","modified_gmt":"2024-08-01T19:28:42","slug":"luigis-mansion-2-hd","status":"publish","type":"product","link":"https:\/\/www.lekshoppen.se\/index.php\/produkt\/luigis-mansion-2-hd\/","title":{"rendered":"Luigi\u00b4s Mansion 2 HD"},"content":{"rendered":"<p>I detta visuellt f\u00f6rb\u00e4ttrade \u00e4ventyr kommer du att bes\u00f6ka de kusliga platserna i den skr\u00e4mmande Evershade Valley, en plats som skriker och kryllar av busiga sp\u00f6ken. Som tur \u00e4r har Luigi r\u00e4tt verktyg f\u00f6r jobbet, s\u00e5som den fiendef\u00f6rbryllande Strobulben och hans p\u00e5litliga Poltergust, som kan suga upp sp\u00f6ken, f\u00f6rem\u00e5l eller interagera med milj\u00f6n.<\/p>\n<p>Luigis \u00f6vernaturliga eskapader kommer att ta honom till en m\u00e4ngd olika platser, inklusive ett tidigare v\u00e4xtforskningslaboratorium, en nedsliten klockfabrik och en sn\u00f6t\u00e4ckt gruva, f\u00f6r att bara n\u00e4mna n\u00e5gra.<\/p>\n<p>Upp till fyra spelare kan samarbeta f\u00f6r att tackla utmaningarna i ScareScraper, en hems\u00f6kt byggnad full av sp\u00f6ken och utmaningar som inte finns i huvud\u00e4ventyret. Rekrytera dina med sp\u00f6kj\u00e4gare f\u00f6r att kl\u00e4ttra uppf\u00f6r den skr\u00e4ckinjagande tornet via local wireless eller online.<\/p>\n<p>Action, \u00e4ventyrsspel. Rek.\u00e5lder 7+<\/p>\n<p><iframe loading=\"lazy\" title=\"Luigi\u2019s Mansion 2 HD - Nintendo Direct 9.14.2023\" width=\"1020\" height=\"574\" src=\"https:\/\/www.youtube.com\/embed\/KIP2_LJdi0I?feature=oembed\" frameborder=\"0\" allow=\"accelerometer; autoplay; clipboard-write; encrypted-media; gyroscope; picture-in-picture; web-share\" referrerpolicy=\"strict-origin-when-cross-origin\" allowfullscreen><\/iframe><\/p>\n","protected":false},"excerpt":{"rendered":"<p>F\u00f6lj den hariga hj\u00e4lten Luigi p\u00e5 ett sp\u00f6klikt \u00e4ventyr.<\/p>\n","protected":false},"featured_media":284,"template":"","meta":[],"product_brand":[],"product_cat":[39,18,29,40],"product_tag":[],"class_list":{"0":"post-283","1":"product","2":"type-product","3":"status-publish","4":"has-post-thumbnail","6":"product_cat-nintendo","7":"product_cat-populart","8":"product_cat-spel","9":"product_cat-switchspel","11":"first","12":"instock","13":"shipping-taxable","14":"product-type-simple"},"_links":{"self":[{"href":"https:\/\/www.lekshoppen.se\/index.php\/wp-json\/wp\/v2\/product\/283","targetHints":{"allow":["GET"]}}],"collection":[{"href":"https:\/\/www.lekshoppen.se\/index.php\/wp-json\/wp\/v2\/product"}],"about":[{"href":"https:\/\/www.lekshoppen.se\/index.php\/wp-json\/wp\/v2\/types\/product"}],"wp:featuredmedia":[{"embeddable":true,"href":"https:\/\/www.lekshoppen.se\/index.php\/wp-json\/wp\/v2\/media\/284"}],"wp:attachment":[{"href":"https:\/\/www.lekshoppen.se\/index.php\/wp-json\/wp\/v2\/media?parent=283"}],"wp:term":[{"taxonomy":"product_brand","embeddable":true,"href":"https:\/\/www.lekshoppen.se\/index.php\/wp-json\/wp\/v2\/product_brand?post=283"},{"taxonomy":"product_cat","embeddable":true,"href":"https:\/\/www.lekshoppen.se\/index.php\/wp-json\/wp\/v2\/product_cat?post=283"},{"taxonomy":"product_tag","embeddable":true,"href":"https:\/\/www.lekshoppen.se\/index.php\/wp-json\/wp\/v2\/product_tag?post=283"}],"curies":[{"name":"wp","href":"https:\/\/api.w.org\/{rel}","templated":true}]}}