{"id":271,"date":"2024-07-04T19:13:31","date_gmt":"2024-07-04T17:13:31","guid":{"rendered":"https:\/\/www.lekshoppen.se\/?post_type=product&#038;p=271"},"modified":"2024-07-04T19:52:43","modified_gmt":"2024-07-04T17:52:43","slug":"emek-timmerlastbil","status":"publish","type":"product","link":"https:\/\/www.lekshoppen.se\/index.php\/produkt\/emek-timmerlastbil\/","title":{"rendered":"EMEK timmerlastbil"},"content":{"rendered":"<p>EMEKs fordon \u00e4r av h\u00f6g kvalit\u00e9 och t\u00e5l att lekas med. De attraherar \u00e4ven vuxna samlare eftersom de \u00e4r en detaljerad skala modell. EMEK timmerbil har en laststockskran f\u00f6r att ta tag i stockarna. Lastbilen har realistiska funktioner som till exempel upph\u00e4ngning i trucken. R\u00f6d eller bl\u00e5 hytt.<\/p>\n<p>Tillverkas i Finland av h\u00f6gkvalitativ plast. Skala 1:25 (ca 33 cm)<\/p>\n<p>Rek.\u00e5lder 3+<\/p>\n<p>&nbsp;<\/p>\n<p>&nbsp;<\/p>\n","protected":false},"excerpt":{"rendered":"<p>EMEK timmerlastbil<\/p>\n","protected":false},"featured_media":272,"template":"","meta":[],"product_brand":[],"product_cat":[26,15],"product_tag":[],"class_list":{"0":"post-271","1":"product","2":"type-product","3":"status-publish","4":"has-post-thumbnail","6":"product_cat-fordon","7":"product_cat-leksaker","9":"first","10":"instock","11":"shipping-taxable","12":"product-type-simple"},"_links":{"self":[{"href":"https:\/\/www.lekshoppen.se\/index.php\/wp-json\/wp\/v2\/product\/271","targetHints":{"allow":["GET"]}}],"collection":[{"href":"https:\/\/www.lekshoppen.se\/index.php\/wp-json\/wp\/v2\/product"}],"about":[{"href":"https:\/\/www.lekshoppen.se\/index.php\/wp-json\/wp\/v2\/types\/product"}],"wp:featuredmedia":[{"embeddable":true,"href":"https:\/\/www.lekshoppen.se\/index.php\/wp-json\/wp\/v2\/media\/272"}],"wp:attachment":[{"href":"https:\/\/www.lekshoppen.se\/index.php\/wp-json\/wp\/v2\/media?parent=271"}],"wp:term":[{"taxonomy":"product_brand","embeddable":true,"href":"https:\/\/www.lekshoppen.se\/index.php\/wp-json\/wp\/v2\/product_brand?post=271"},{"taxonomy":"product_cat","embeddable":true,"href":"https:\/\/www.lekshoppen.se\/index.php\/wp-json\/wp\/v2\/product_cat?post=271"},{"taxonomy":"product_tag","embeddable":true,"href":"https:\/\/www.lekshoppen.se\/index.php\/wp-json\/wp\/v2\/product_tag?post=271"}],"curies":[{"name":"wp","href":"https:\/\/api.w.org\/{rel}","templated":true}]}}